{"id":1369,"date":"2026-02-13T11:25:19","date_gmt":"2026-02-13T10:25:19","guid":{"rendered":"https:\/\/hpcportocolom.com\/kontakt-2\/"},"modified":"2026-02-23T13:41:14","modified_gmt":"2026-02-23T12:41:14","slug":"kontakt","status":"publish","type":"page","link":"https:\/\/hpcportocolom.com\/de\/kontakt\/","title":{"rendered":"Kontakt"},"content":{"rendered":"<p>[et_pb_section fb_built=&#8220;1&#8243; custom_padding_last_edited=&#8220;on|phone&#8220; module_class=&#8220;hero-sin-padding-background&#8220; _builder_version=&#8220;4.27.5&#8243; _module_preset=&#8220;default&#8220; background_color=&#8220;#f5efe8&#8243; custom_margin_tablet=&#8220;&#8220; custom_margin_phone=&#8220;&#8220; custom_margin_last_edited=&#8220;on|phone&#8220; custom_padding=&#8220;30px||30px||true|false&#8220; custom_padding_tablet=&#8220;30px||30px||true|false&#8220; custom_padding_phone=&#8220;10px||20px||false|false&#8220; hover_enabled=&#8220;0&#8243; global_colors_info=&#8220;{}&#8220; sticky_enabled=&#8220;0&#8243;][et_pb_row use_custom_gutter=&#8220;on&#8220; custom_padding_last_edited=&#8220;on|phone&#8220; _builder_version=&#8220;4.27.5&#8243; _module_preset=&#8220;default&#8220; width_tablet=&#8220;&#8220; width_phone=&#8220;85%&#8220; width_last_edited=&#8220;on|phone&#8220; custom_padding=&#8220;46px||46px||true|false&#8220; custom_padding_tablet=&#8220;||0px||false|false&#8220; custom_padding_phone=&#8220;50px||50px||true|false&#8220; global_colors_info=&#8220;{}&#8220;][et_pb_column type=&#8220;4_4&#8243; _builder_version=&#8220;4.27.4&#8243; _module_preset=&#8220;default&#8220; global_colors_info=&#8220;{}&#8220;][et_pb_text module_class=&#8220;text-mono&#8220; _builder_version=&#8220;4.27.4&#8243; _module_preset=&#8220;default&#8220; text_text_color=&#8220;#e65c48&#8243; text_font_size=&#8220;18px&#8220; custom_margin=&#8220;||20px||false|false&#8220; custom_margin_tablet=&#8220;20px||20px||false|false&#8220; custom_margin_phone=&#8220;10px||20px||false|false&#8220; custom_margin_last_edited=&#8220;on|phone&#8220; text_font_size_tablet=&#8220;18px&#8220; text_font_size_phone=&#8220;18px&#8220; text_font_size_last_edited=&#8220;on|desktop&#8220; text_orientation_tablet=&#8220;center&#8220; text_orientation_phone=&#8220;center&#8220; text_orientation_last_edited=&#8220;on|phone&#8220; global_colors_info=&#8220;{}&#8220;]<\/p>\n<p>FINDEST DU NICHT, WAS DU SUCHST?<\/p>\n<p>[\/et_pb_text][et_pb_text module_class=&#8220;text-moret&#8220; _builder_version=&#8220;4.27.4&#8243; _module_preset=&#8220;default&#8220; text_text_color=&#8220;#212c55&#8243; text_font_size=&#8220;56px&#8220; text_line_height=&#8220;1.3em&#8220; custom_margin=&#8220;27px||15px||false|false&#8220; custom_margin_tablet=&#8220;27px||15px||false|false&#8220; custom_margin_phone=&#8220;0px||||false|false&#8220; custom_margin_last_edited=&#8220;on|desktop&#8220; text_font_size_tablet=&#8220;36px&#8220; text_font_size_phone=&#8220;32px&#8220; text_font_size_last_edited=&#8220;on|desktop&#8220; text_orientation_tablet=&#8220;center&#8220; text_orientation_phone=&#8220;center&#8220; text_orientation_last_edited=&#8220;on|phone&#8220; global_colors_info=&#8220;{}&#8220;]<\/p>\n<p>Schreib uns<\/p>\n<p>[\/et_pb_text][et_pb_contact_form use_spam_service=&#8220;on&#8220; recaptcha_list=&#8220;Default|Default-0&#8243; email=&#8220;reservas@surmaster.com&#8220; custom_message=&#8220;Nuevo formulario enviado desde hpcportocolom.com||et_pb_line_break_holder||||et_pb_line_break_holder||Nombre: %%Name%%||et_pb_line_break_holder||Email: %%Email%%||et_pb_line_break_holder||Tel\u00e9fono: %%Phone%%||et_pb_line_break_holder||Mensaje: %%Message%%&#8220; success_message=&#8220;Danke, dass Sie uns kontaktiert haben&#8220; submit_button_text=&#8220;SENDEN&#8220; module_class=&#8220;text-mono&#8220; _builder_version=&#8220;4.27.5&#8243; _module_preset=&#8220;default&#8220; _unique_id=&#8220;5d88e301-f181-4799-a5b8-9cb73b99becf&#8220; form_field_background_color=&#8220;#FFFFFF&#8220; form_field_text_color=&#8220;#212c55&#8243; captcha_font=&#8220;|700|||||||&#8220; captcha_text_color=&#8220;#04365B&#8220; captcha_font_size=&#8220;16px&#8220; captcha_letter_spacing=&#8220;5px&#8220; custom_button=&#8220;on&#8220; button_text_color=&#8220;#FFFFFF&#8220; button_bg_color=&#8220;#212c55&#8243; button_border_color=&#8220;#212c55&#8243; button_border_radius=&#8220;45px&#8220; button_use_icon=&#8220;off&#8220; button_custom_margin=&#8220;5px||5px||true|false&#8220; button_custom_margin_tablet=&#8220;|165px||0px|true|false&#8220; button_custom_margin_phone=&#8220;15px|53px|15px|0px|true|false&#8220; button_custom_margin_last_edited=&#8220;on|desktop&#8220; button_custom_padding=&#8220;5px|90px|5px|90px|true|true&#8220; button_custom_padding_tablet=&#8220;3px|90px|3px|90px|true|true&#8220; button_custom_padding_phone=&#8220;5px|75px|5px|75px|true|true&#8220; button_custom_padding_last_edited=&#8220;on|phone&#8220; custom_padding=&#8220;0px||||false|false&#8220; text_orientation_tablet=&#8220;&#8220; text_orientation_phone=&#8220;&#8220; text_orientation_last_edited=&#8220;on|phone&#8220; border_radii=&#8220;on|30px|30px|30px|30px&#8220; border_width_all=&#8220;1px&#8220; border_color_all=&#8220;#212c55&#8243; global_colors_info=&#8220;{}&#8220;][et_pb_contact_field field_id=&#8220;Name&#8220; field_title=&#8220;NAME&#8220; fullwidth_field=&#8220;on&#8220; _builder_version=&#8220;4.27.4&#8243; global_colors_info=&#8220;{}&#8220; button_text_size__hover_enabled=&#8220;off&#8220; button_one_text_size__hover_enabled=&#8220;off&#8220; button_two_text_size__hover_enabled=&#8220;off&#8220; button_text_color__hover_enabled=&#8220;off&#8220; button_one_text_color__hover_enabled=&#8220;off&#8220; button_two_text_color__hover_enabled=&#8220;off&#8220; button_border_width__hover_enabled=&#8220;off&#8220; button_one_border_width__hover_enabled=&#8220;off&#8220; button_two_border_width__hover_enabled=&#8220;off&#8220; button_border_color__hover_enabled=&#8220;off&#8220; button_one_border_color__hover_enabled=&#8220;off&#8220; button_two_border_color__hover_enabled=&#8220;off&#8220; button_border_radius__hover_enabled=&#8220;off&#8220; button_one_border_radius__hover_enabled=&#8220;off&#8220; button_two_border_radius__hover_enabled=&#8220;off&#8220; button_letter_spacing__hover_enabled=&#8220;off&#8220; button_one_letter_spacing__hover_enabled=&#8220;off&#8220; button_two_letter_spacing__hover_enabled=&#8220;off&#8220; button_bg_color__hover_enabled=&#8220;off&#8220; button_one_bg_color__hover_enabled=&#8220;off&#8220; button_two_bg_color__hover_enabled=&#8220;off&#8220;][\/et_pb_contact_field][et_pb_contact_field field_id=&#8220;Email&#8220; field_title=&#8220;E-MAIL&#8220; field_type=&#8220;email&#8220; _builder_version=&#8220;4.27.4&#8243; global_colors_info=&#8220;{}&#8220; button_text_size__hover_enabled=&#8220;off&#8220; button_one_text_size__hover_enabled=&#8220;off&#8220; button_two_text_size__hover_enabled=&#8220;off&#8220; button_text_color__hover_enabled=&#8220;off&#8220; button_one_text_color__hover_enabled=&#8220;off&#8220; button_two_text_color__hover_enabled=&#8220;off&#8220; button_border_width__hover_enabled=&#8220;off&#8220; button_one_border_width__hover_enabled=&#8220;off&#8220; button_two_border_width__hover_enabled=&#8220;off&#8220; button_border_color__hover_enabled=&#8220;off&#8220; button_one_border_color__hover_enabled=&#8220;off&#8220; button_two_border_color__hover_enabled=&#8220;off&#8220; button_border_radius__hover_enabled=&#8220;off&#8220; button_one_border_radius__hover_enabled=&#8220;off&#8220; button_two_border_radius__hover_enabled=&#8220;off&#8220; button_letter_spacing__hover_enabled=&#8220;off&#8220; button_one_letter_spacing__hover_enabled=&#8220;off&#8220; button_two_letter_spacing__hover_enabled=&#8220;off&#8220; button_bg_color__hover_enabled=&#8220;off&#8220; button_one_bg_color__hover_enabled=&#8220;off&#8220; button_two_bg_color__hover_enabled=&#8220;off&#8220;][\/et_pb_contact_field][et_pb_contact_field field_id=&#8220;Phone&#8220; field_title=&#8220;TELEFON&#8220; min_length=&#8220;9&#8243; _builder_version=&#8220;4.27.4&#8243; global_colors_info=&#8220;{}&#8220; button_text_size__hover_enabled=&#8220;off&#8220; button_one_text_size__hover_enabled=&#8220;off&#8220; button_two_text_size__hover_enabled=&#8220;off&#8220; button_text_color__hover_enabled=&#8220;off&#8220; button_one_text_color__hover_enabled=&#8220;off&#8220; button_two_text_color__hover_enabled=&#8220;off&#8220; button_border_width__hover_enabled=&#8220;off&#8220; button_one_border_width__hover_enabled=&#8220;off&#8220; button_two_border_width__hover_enabled=&#8220;off&#8220; button_border_color__hover_enabled=&#8220;off&#8220; button_one_border_color__hover_enabled=&#8220;off&#8220; button_two_border_color__hover_enabled=&#8220;off&#8220; button_border_radius__hover_enabled=&#8220;off&#8220; button_one_border_radius__hover_enabled=&#8220;off&#8220; button_two_border_radius__hover_enabled=&#8220;off&#8220; button_letter_spacing__hover_enabled=&#8220;off&#8220; button_one_letter_spacing__hover_enabled=&#8220;off&#8220; button_two_letter_spacing__hover_enabled=&#8220;off&#8220; button_bg_color__hover_enabled=&#8220;off&#8220; button_one_bg_color__hover_enabled=&#8220;off&#8220; button_two_bg_color__hover_enabled=&#8220;off&#8220;][\/et_pb_contact_field][et_pb_contact_field field_id=&#8220;Message&#8220; field_title=&#8220;NACHRICHT&#8220; field_type=&#8220;text&#8220; fullwidth_field=&#8220;on&#8220; _builder_version=&#8220;4.27.4&#8243; global_colors_info=&#8220;{}&#8220; button_text_size__hover_enabled=&#8220;off&#8220; button_one_text_size__hover_enabled=&#8220;off&#8220; button_two_text_size__hover_enabled=&#8220;off&#8220; button_text_color__hover_enabled=&#8220;off&#8220; button_one_text_color__hover_enabled=&#8220;off&#8220; button_two_text_color__hover_enabled=&#8220;off&#8220; button_border_width__hover_enabled=&#8220;off&#8220; button_one_border_width__hover_enabled=&#8220;off&#8220; button_two_border_width__hover_enabled=&#8220;off&#8220; button_border_color__hover_enabled=&#8220;off&#8220; button_one_border_color__hover_enabled=&#8220;off&#8220; button_two_border_color__hover_enabled=&#8220;off&#8220; button_border_radius__hover_enabled=&#8220;off&#8220; button_one_border_radius__hover_enabled=&#8220;off&#8220; button_two_border_radius__hover_enabled=&#8220;off&#8220; button_letter_spacing__hover_enabled=&#8220;off&#8220; button_one_letter_spacing__hover_enabled=&#8220;off&#8220; button_two_letter_spacing__hover_enabled=&#8220;off&#8220; button_bg_color__hover_enabled=&#8220;off&#8220; button_one_bg_color__hover_enabled=&#8220;off&#8220; button_two_bg_color__hover_enabled=&#8220;off&#8220;][\/et_pb_contact_field][\/et_pb_contact_form][\/et_pb_column][\/et_pb_row][\/et_pb_section][et_pb_section fb_built=&#8220;1&#8243; custom_padding_last_edited=&#8220;on|desktop&#8220; _builder_version=&#8220;4.27.4&#8243; _module_preset=&#8220;default&#8220; background_color=&#8220;#f5efe8&#8243; custom_padding=&#8220;0px||20px||false|false&#8220; custom_padding_tablet=&#8220;0px||20px||false|false&#8220; custom_padding_phone=&#8220;15px||20px||false|false&#8220; border_width_top=&#8220;1px&#8220; border_color_top=&#8220;#6397d0&#8243; border_width_bottom=&#8220;1px&#8220; border_color_bottom=&#8220;#6397d0&#8243; global_colors_info=&#8220;{}&#8220;][et_pb_row column_structure=&#8220;1_2,1_2&#8243; use_custom_gutter=&#8220;on&#8220; custom_padding_last_edited=&#8220;on|desktop&#8220; _builder_version=&#8220;4.27.5&#8243; _module_preset=&#8220;default&#8220; width_tablet=&#8220;&#8220; width_phone=&#8220;85%&#8220; width_last_edited=&#8220;on|phone&#8220; custom_margin_tablet=&#8220;&#8220; custom_margin_phone=&#8220;&#8220; custom_margin_last_edited=&#8220;on|desktop&#8220; custom_padding=&#8220;55px||55px||true|false&#8220; custom_padding_tablet=&#8220;35px||35px||true|false&#8220; custom_padding_phone=&#8220;35px||35px||true|false&#8220; hover_enabled=&#8220;0&#8243; global_colors_info=&#8220;{}&#8220; sticky_enabled=&#8220;0&#8243;][et_pb_column type=&#8220;1_2&#8243; _builder_version=&#8220;4.27.4&#8243; _module_preset=&#8220;default&#8220; global_colors_info=&#8220;{}&#8220;][et_pb_text module_class=&#8220;text-mono&#8220; _builder_version=&#8220;4.27.4&#8243; _module_preset=&#8220;default&#8220; text_text_color=&#8220;#e65c48&#8243; text_font_size=&#8220;18px&#8220; custom_margin=&#8220;||20px||false|false&#8220; custom_margin_tablet=&#8220;20px||20px||false|false&#8220; custom_margin_phone=&#8220;10px||20px||false|false&#8220; custom_margin_last_edited=&#8220;on|phone&#8220; text_font_size_tablet=&#8220;18px&#8220; text_font_size_phone=&#8220;18px&#8220; text_font_size_last_edited=&#8220;on|desktop&#8220; text_orientation_tablet=&#8220;center&#8220; text_orientation_phone=&#8220;center&#8220; text_orientation_last_edited=&#8220;on|phone&#8220; global_colors_info=&#8220;{}&#8220;]<\/p>\n<p>WO SIND WIR?<\/p>\n<p>[\/et_pb_text][et_pb_text module_class=&#8220;text-moret&#8220; _builder_version=&#8220;4.27.4&#8243; _module_preset=&#8220;default&#8220; text_text_color=&#8220;#212c55&#8243; text_font_size=&#8220;56px&#8220; text_line_height=&#8220;1.3em&#8220; custom_margin=&#8220;20px||15px||false|false&#8220; text_font_size_tablet=&#8220;36px&#8220; text_font_size_phone=&#8220;32px&#8220; text_font_size_last_edited=&#8220;on|desktop&#8220; text_orientation_tablet=&#8220;center&#8220; text_orientation_phone=&#8220;center&#8220; text_orientation_last_edited=&#8220;on|phone&#8220; global_colors_info=&#8220;{}&#8220;]<\/p>\n<p>Besuchen Sie uns in Portocolom<\/p>\n<p>[\/et_pb_text][et_pb_text module_class=&#8220;text-neuzeit&#8220; _builder_version=&#8220;4.27.4&#8243; _module_preset=&#8220;default&#8220; text_text_color=&#8220;#212c55&#8243; text_font_size=&#8220;22px&#8220; custom_margin=&#8220;20px||35px||false|false&#8220; custom_margin_tablet=&#8220;20px||35px||false|false&#8220; custom_margin_phone=&#8220;||30px||false|false&#8220; custom_margin_last_edited=&#8220;on|phone&#8220; text_font_size_tablet=&#8220;22px&#8220; text_font_size_phone=&#8220;18px&#8220; text_font_size_last_edited=&#8220;on|phone&#8220; text_orientation_tablet=&#8220;center&#8220; text_orientation_phone=&#8220;center&#8220; text_orientation_last_edited=&#8220;on|phone&#8220; global_colors_info=&#8220;{}&#8220;]<\/p>\n<p>Sie finden uns in der Carrer d\u2019En Crist\u00f2for Colom 5, 07670 Portocolom, Balearische Inseln. Wir sind von Montag bis Sonntag von 8:00 bis 23:00 Uhr ge\u00f6ffnet (K\u00fcche ganzt\u00e4gig ge\u00f6ffnet).<\/p>\n<p>[\/et_pb_text][\/et_pb_column][et_pb_column type=&#8220;1_2&#8243; _builder_version=&#8220;4.27.4&#8243; _module_preset=&#8220;default&#8220; global_colors_info=&#8220;{}&#8220;][et_pb_code _builder_version=&#8220;4.27.4&#8243; _module_preset=&#8220;default&#8220; global_colors_info=&#8220;{}&#8220;]<iframe src=\"https:\/\/www.google.com\/maps\/embed?pb=!1m18!1m12!1m3!1d6894.791175588592!2d3.259124111747753!3d39.41986461558918!2m3!1f0!2f0!3f0!3m2!1i1024!2i768!4f13.1!3m3!1m2!1s0x12965aa1af5cd819%3A0x2fc0e7622457ceaa!2sRestaurante%20HPC%20Portocolom!5e1!3m2!1ses!2ses!4v1770899884295!5m2!1ses!2ses\" width=\"600\" height=\"300\" style=\"border:0;\" allowfullscreen=\"\" loading=\"lazy\" referrerpolicy=\"no-referrer-when-downgrade\"><\/iframe>[\/et_pb_code][\/et_pb_column][\/et_pb_row][\/et_pb_section]<\/p>\n","protected":false},"excerpt":{"rendered":"<p>FINDEST DU NICHT, WAS DU SUCHST?Schreib unsWO SIND WIR?Besuchen Sie uns in PortocolomSie finden uns in der Carrer d\u2019En Crist\u00f2for Colom 5, 07670 Portocolom, Balearische Inseln. Wir sind von Montag bis Sonntag von 8:00 bis 23:00 Uhr ge\u00f6ffnet (K\u00fcche ganzt\u00e4gig ge\u00f6ffnet).<\/p>\n","protected":false},"author":4,"featured_media":0,"parent":0,"menu_order":0,"comment_status":"closed","ping_status":"closed","template":"","meta":{"_et_pb_use_builder":"on","_et_pb_old_content":"","_et_gb_content_width":"","footnotes":""},"class_list":["post-1369","page","type-page","status-publish","hentry"],"yoast_head":"<!-- This site is optimized with the Yoast SEO plugin v27.4 - https:\/\/yoast.com\/product\/yoast-seo-wordpress\/ -->\n<title>Kontakt - Restaurante HPC<\/title>\n<meta name=\"robots\" content=\"index, follow, max-snippet:-1, max-image-preview:large, max-video-preview:-1\" \/>\n<link rel=\"canonical\" href=\"https:\/\/hpcportocolom.com\/de\/kontakt\/\" \/>\n<meta property=\"og:locale\" content=\"de_DE\" \/>\n<meta property=\"og:type\" content=\"article\" \/>\n<meta property=\"og:title\" content=\"Kontakt - Restaurante HPC\" \/>\n<meta property=\"og:description\" content=\"FINDEST DU NICHT, WAS DU SUCHST?Schreib unsWO SIND WIR?Besuchen Sie uns in PortocolomSie finden uns in der Carrer d\u2019En Crist\u00f2for Colom 5, 07670 Portocolom, Balearische Inseln. Wir sind von Montag bis Sonntag von 8:00 bis 23:00 Uhr ge\u00f6ffnet (K\u00fcche ganzt\u00e4gig ge\u00f6ffnet).\" \/>\n<meta property=\"og:url\" content=\"https:\/\/hpcportocolom.com\/de\/kontakt\/\" \/>\n<meta property=\"og:site_name\" content=\"Restaurante HPC\" \/>\n<meta property=\"article:modified_time\" content=\"2026-02-23T12:41:14+00:00\" \/>\n<meta name=\"twitter:card\" content=\"summary_large_image\" \/>\n<meta name=\"twitter:label1\" content=\"Gesch\u00e4tzte Lesezeit\" \/>\n\t<meta name=\"twitter:data1\" content=\"8\u00a0Minuten\" \/>\n<script type=\"application\/ld+json\" class=\"yoast-schema-graph\">{\"@context\":\"https:\\\/\\\/schema.org\",\"@graph\":[{\"@type\":\"WebPage\",\"@id\":\"https:\\\/\\\/hpcportocolom.com\\\/de\\\/kontakt\\\/\",\"url\":\"https:\\\/\\\/hpcportocolom.com\\\/de\\\/kontakt\\\/\",\"name\":\"Kontakt - Restaurante HPC\",\"isPartOf\":{\"@id\":\"https:\\\/\\\/hpcportocolom.com\\\/de\\\/#website\"},\"datePublished\":\"2026-02-13T10:25:19+00:00\",\"dateModified\":\"2026-02-23T12:41:14+00:00\",\"breadcrumb\":{\"@id\":\"https:\\\/\\\/hpcportocolom.com\\\/de\\\/kontakt\\\/#breadcrumb\"},\"inLanguage\":\"de\",\"potentialAction\":[{\"@type\":\"ReadAction\",\"target\":[\"https:\\\/\\\/hpcportocolom.com\\\/de\\\/kontakt\\\/\"]}]},{\"@type\":\"BreadcrumbList\",\"@id\":\"https:\\\/\\\/hpcportocolom.com\\\/de\\\/kontakt\\\/#breadcrumb\",\"itemListElement\":[{\"@type\":\"ListItem\",\"position\":1,\"name\":\"Portada\",\"item\":\"https:\\\/\\\/hpcportocolom.com\\\/de\\\/\"},{\"@type\":\"ListItem\",\"position\":2,\"name\":\"Kontakt\"}]},{\"@type\":\"WebSite\",\"@id\":\"https:\\\/\\\/hpcportocolom.com\\\/de\\\/#website\",\"url\":\"https:\\\/\\\/hpcportocolom.com\\\/de\\\/\",\"name\":\"Restaurante HPC\",\"description\":\"Tradici\u00f3n marinera, vistas y mediterr\u00e1neo\",\"potentialAction\":[{\"@type\":\"SearchAction\",\"target\":{\"@type\":\"EntryPoint\",\"urlTemplate\":\"https:\\\/\\\/hpcportocolom.com\\\/de\\\/?s={search_term_string}\"},\"query-input\":{\"@type\":\"PropertyValueSpecification\",\"valueRequired\":true,\"valueName\":\"search_term_string\"}}],\"inLanguage\":\"de\"}]}<\/script>\n<!-- \/ Yoast SEO plugin. -->","yoast_head_json":{"title":"Kontakt - Restaurante HPC","robots":{"index":"index","follow":"follow","max-snippet":"max-snippet:-1","max-image-preview":"max-image-preview:large","max-video-preview":"max-video-preview:-1"},"canonical":"https:\/\/hpcportocolom.com\/de\/kontakt\/","og_locale":"de_DE","og_type":"article","og_title":"Kontakt - Restaurante HPC","og_description":"FINDEST DU NICHT, WAS DU SUCHST?Schreib unsWO SIND WIR?Besuchen Sie uns in PortocolomSie finden uns in der Carrer d\u2019En Crist\u00f2for Colom 5, 07670 Portocolom, Balearische Inseln. Wir sind von Montag bis Sonntag von 8:00 bis 23:00 Uhr ge\u00f6ffnet (K\u00fcche ganzt\u00e4gig ge\u00f6ffnet).","og_url":"https:\/\/hpcportocolom.com\/de\/kontakt\/","og_site_name":"Restaurante HPC","article_modified_time":"2026-02-23T12:41:14+00:00","twitter_card":"summary_large_image","twitter_misc":{"Gesch\u00e4tzte Lesezeit":"8\u00a0Minuten"},"schema":{"@context":"https:\/\/schema.org","@graph":[{"@type":"WebPage","@id":"https:\/\/hpcportocolom.com\/de\/kontakt\/","url":"https:\/\/hpcportocolom.com\/de\/kontakt\/","name":"Kontakt - Restaurante HPC","isPartOf":{"@id":"https:\/\/hpcportocolom.com\/de\/#website"},"datePublished":"2026-02-13T10:25:19+00:00","dateModified":"2026-02-23T12:41:14+00:00","breadcrumb":{"@id":"https:\/\/hpcportocolom.com\/de\/kontakt\/#breadcrumb"},"inLanguage":"de","potentialAction":[{"@type":"ReadAction","target":["https:\/\/hpcportocolom.com\/de\/kontakt\/"]}]},{"@type":"BreadcrumbList","@id":"https:\/\/hpcportocolom.com\/de\/kontakt\/#breadcrumb","itemListElement":[{"@type":"ListItem","position":1,"name":"Portada","item":"https:\/\/hpcportocolom.com\/de\/"},{"@type":"ListItem","position":2,"name":"Kontakt"}]},{"@type":"WebSite","@id":"https:\/\/hpcportocolom.com\/de\/#website","url":"https:\/\/hpcportocolom.com\/de\/","name":"Restaurante HPC","description":"Tradici\u00f3n marinera, vistas y mediterr\u00e1neo","potentialAction":[{"@type":"SearchAction","target":{"@type":"EntryPoint","urlTemplate":"https:\/\/hpcportocolom.com\/de\/?s={search_term_string}"},"query-input":{"@type":"PropertyValueSpecification","valueRequired":true,"valueName":"search_term_string"}}],"inLanguage":"de"}]}},"_links":{"self":[{"href":"https:\/\/hpcportocolom.com\/de\/wp-json\/wp\/v2\/pages\/1369","targetHints":{"allow":["GET"]}}],"collection":[{"href":"https:\/\/hpcportocolom.com\/de\/wp-json\/wp\/v2\/pages"}],"about":[{"href":"https:\/\/hpcportocolom.com\/de\/wp-json\/wp\/v2\/types\/page"}],"author":[{"embeddable":true,"href":"https:\/\/hpcportocolom.com\/de\/wp-json\/wp\/v2\/users\/4"}],"replies":[{"embeddable":true,"href":"https:\/\/hpcportocolom.com\/de\/wp-json\/wp\/v2\/comments?post=1369"}],"version-history":[{"count":4,"href":"https:\/\/hpcportocolom.com\/de\/wp-json\/wp\/v2\/pages\/1369\/revisions"}],"predecessor-version":[{"id":1924,"href":"https:\/\/hpcportocolom.com\/de\/wp-json\/wp\/v2\/pages\/1369\/revisions\/1924"}],"wp:attachment":[{"href":"https:\/\/hpcportocolom.com\/de\/wp-json\/wp\/v2\/media?parent=1369"}],"curies":[{"name":"wp","href":"https:\/\/api.w.org\/{rel}","templated":true}]}}