{"id":472,"date":"2024-09-03T10:01:59","date_gmt":"2024-09-03T08:01:59","guid":{"rendered":"https:\/\/hpcportocolom.com\/fehler-404\/"},"modified":"2025-02-24T13:02:35","modified_gmt":"2025-02-24T12:02:35","slug":"fehler-404","status":"publish","type":"page","link":"https:\/\/hpcportocolom.com\/de\/fehler-404\/","title":{"rendered":"Fehler 404"},"content":{"rendered":"<p>[et_pb_section fb_built=&#8220;1&#8243; admin_label=&#8220;Hero Contacto&#8220; _builder_version=&#8220;4.27.4&#8243; _module_preset=&#8220;default&#8220; background_color=&#8220;#666958&#8243; custom_margin=&#8220;||0px||false|false&#8220; custom_padding=&#8220;320px||320px||true|false&#8220; hover_enabled=&#8220;0&#8243; locked=&#8220;off&#8220; collapsed=&#8220;off&#8220; global_colors_info=&#8220;{}&#8220; sticky_enabled=&#8220;0&#8243;][et_pb_row _builder_version=&#8220;4.27.0&#8243; _module_preset=&#8220;default&#8220; positioning=&#8220;absolute&#8220; position_origin_a=&#8220;center_center&#8220; z_index=&#8220;50&#8243; width=&#8220;90%&#8220; max_width=&#8220;800px&#8220; animation_style=&#8220;fade&#8220; animation_delay=&#8220;500ms&#8220; animation_speed_curve=&#8220;ease&#8220; custom_css_main_element=&#8220;text-align:center;&#8220; global_colors_info=&#8220;{}&#8220;][et_pb_column type=&#8220;4_4&#8243; _builder_version=&#8220;4.27.0&#8243; _module_preset=&#8220;default&#8220; custom_padding=&#8220;80px||80px||true|false&#8220; global_colors_info=&#8220;{}&#8220;][et_pb_text _builder_version=&#8220;4.27.4&#8243; _module_preset=&#8220;default&#8220; text_font=&#8220;Marcellus|300|||||||&#8220; text_text_color=&#8220;#e9e9e9&#8243; text_font_size=&#8220;13px&#8220; text_letter_spacing=&#8220;1px&#8220; text_line_height=&#8220;1em&#8220; text_orientation=&#8220;center&#8220; custom_margin=&#8220;0px||4px||false|false&#8220; custom_padding=&#8220;3%|20px|3%|20px|true|true&#8220; hover_enabled=&#8220;0&#8243; custom_css_main_element=&#8220;display:inline-block;&#8220; border_radii=&#8220;on|50%|50%|50%|50%&#8220; border_width_all=&#8220;1px&#8220; border_color_all=&#8220;#cdcdcd&#8220; global_colors_info=&#8220;{}&#8220; sticky_enabled=&#8220;0&#8243;]<\/p>\n<p>Fehler 404<\/p>\n<p>[\/et_pb_text][et_pb_text _builder_version=&#8220;4.27.0&#8243; _module_preset=&#8220;default&#8220; header_font=&#8220;Marcellus|300||on|||||&#8220; header_text_align=&#8220;center&#8220; header_text_color=&#8220;#FFFFFF&#8220; header_font_size=&#8220;36px&#8220; header_letter_spacing=&#8220;5px&#8220; header_line_height=&#8220;1.2em&#8220; custom_margin=&#8220;0px||0px||false|false&#8220; custom_padding=&#8220;2%||0px||false|false&#8220; header_font_size_tablet=&#8220;32px&#8220; header_font_size_phone=&#8220;28px&#8220; header_font_size_last_edited=&#8220;on|phone&#8220; global_colors_info=&#8220;{}&#8220;]<\/p>\n<h1>Die von Ihnen gesuchte Seite ist nicht verf\u00fcgbar<\/h1>\n<p>[\/et_pb_text][et_pb_text _builder_version=&#8220;4.27.4&#8243; _module_preset=&#8220;default&#8220; text_font=&#8220;Nunito Sans||||||||&#8220; text_text_color=&#8220;#ced8d8&#8243; text_font_size=&#8220;18px&#8220; text_line_height=&#8220;1.4em&#8220; header_3_font=&#8220;Nunito||||||||&#8220; header_3_text_color=&#8220;#cdcdcd&#8220; header_3_font_size=&#8220;20px&#8220; header_3_line_height=&#8220;1.4em&#8220; max_width_tablet=&#8220;318px&#8220; max_width_phone=&#8220;100%&#8220; max_width_last_edited=&#8220;on|tablet&#8220; module_alignment=&#8220;center&#8220; custom_margin=&#8220;0px||30px||false|false&#8220; custom_padding=&#8220;0px||0px||false|false&#8220; hover_enabled=&#8220;0&#8243; locked=&#8220;off&#8220; global_colors_info=&#8220;{}&#8220; sticky_enabled=&#8220;0&#8243;]<\/p>\n<h3 style=\"text-align: center;\">Wir haben Ihre Nachricht erhalten und werden uns schnellstm\u00f6glich mit Ihnen in Verbindung setzen.<\/h3>\n<p>[\/et_pb_text][et_pb_text _builder_version=&#8220;4.27.0&#8243; _module_preset=&#8220;default&#8220; text_font=&#8220;Nunito Sans||||||||&#8220; text_text_color=&#8220;#ced8d8&#8243; text_font_size=&#8220;18px&#8220; text_line_height=&#8220;1.4em&#8220; max_width=&#8220;420px&#8220; max_width_tablet=&#8220;318px&#8220; max_width_phone=&#8220;100%&#8220; max_width_last_edited=&#8220;on|tablet&#8220; module_alignment=&#8220;center&#8220; custom_margin=&#8220;0px||30px||false|false&#8220; custom_padding=&#8220;0px||0px||false|false&#8220; text_text_shadow_style=&#8220;preset2&#8243; locked=&#8220;off&#8220; global_colors_info=&#8220;{}&#8220;]<\/p>\n<p style=\"text-align: center;\">Machen Sie sich keine Sorgen, Sie k\u00f6nnen uns kontaktieren, um uns das Problem mitzuteilen. In der Zwischenzeit k\u00f6nnen Sie zu unserer Homepage zur\u00fcckkehren, um andere verf\u00fcgbare Inhalte zu erkunden.<\/p>\n<p>[\/et_pb_text][et_pb_button button_url=&#8220;https:\/\/hpcportocolom.com\/de\/&#8220; button_text=&#8220;KEHRE NACH HAUSE ZUR\u00dcCK&#8220; button_alignment=&#8220;center&#8220; _builder_version=&#8220;4.27.4&#8243; _module_preset=&#8220;default&#8220; custom_button=&#8220;on&#8220; button_text_size=&#8220;12px&#8220; button_text_color=&#8220;#FFFFFF&#8220; button_bg_color=&#8220;RGBA(255,255,255,0)&#8220; button_border_width=&#8220;1px&#8220; button_border_color=&#8220;#cdcdcd&#8220; button_border_radius=&#8220;0px&#8220; button_letter_spacing=&#8220;1.2px&#8220; button_font=&#8220;Outfit||||||||&#8220; button_use_icon=&#8220;off&#8220; custom_margin=&#8220;0px||0px||false|false&#8220; custom_margin_tablet=&#8220;0px||80px||false|false&#8220; custom_margin_phone=&#8220;||55px||false|false&#8220; custom_margin_last_edited=&#8220;on|tablet&#8220; custom_padding=&#8220;17px|55px|17px|55px|false|false&#8220; hover_enabled=&#8220;0&#8243; locked=&#8220;off&#8220; global_colors_info=&#8220;{}&#8220; button_bg_color__hover_enabled=&#8220;on|desktop&#8220; button_bg_color__hover=&#8220;#cdcdcd&#8220; button_bg_enable_color__hover=&#8220;on&#8220; sticky_enabled=&#8220;0&#8243;][\/et_pb_button][\/et_pb_column][\/et_pb_row][\/et_pb_section]<\/p>\n","protected":false},"excerpt":{"rendered":"<p>Fehler 404Die von Ihnen gesuchte Seite ist nicht verf\u00fcgbarWir haben Ihre Nachricht erhalten und werden uns schnellstm\u00f6glich mit Ihnen in Verbindung setzen.Machen Sie sich keine Sorgen, Sie k\u00f6nnen uns kontaktieren, um uns das Problem mitzuteilen. In der Zwischenzeit k\u00f6nnen Sie zu unserer Homepage zur\u00fcckkehren, um andere verf\u00fcgbare Inhalte zu erkunden.<\/p>\n","protected":false},"author":3,"featured_media":0,"parent":0,"menu_order":0,"comment_status":"closed","ping_status":"closed","template":"","meta":{"_et_pb_use_builder":"on","_et_pb_old_content":"","_et_gb_content_width":"","footnotes":""},"class_list":["post-472","page","type-page","status-publish","hentry"],"yoast_head":"<!-- This site is optimized with the Yoast SEO plugin v27.4 - https:\/\/yoast.com\/product\/yoast-seo-wordpress\/ -->\n<title>Fehler 404 - Restaurante HPC<\/title>\n<meta name=\"robots\" content=\"index, follow, max-snippet:-1, max-image-preview:large, max-video-preview:-1\" \/>\n<link rel=\"canonical\" href=\"https:\/\/hpcportocolom.com\/de\/fehler-404\/\" \/>\n<meta property=\"og:locale\" content=\"de_DE\" \/>\n<meta property=\"og:type\" content=\"article\" \/>\n<meta property=\"og:title\" content=\"Fehler 404 - Restaurante HPC\" \/>\n<meta property=\"og:description\" content=\"Fehler 404Die von Ihnen gesuchte Seite ist nicht verf\u00fcgbarWir haben Ihre Nachricht erhalten und werden uns schnellstm\u00f6glich mit Ihnen in Verbindung setzen.Machen Sie sich keine Sorgen, Sie k\u00f6nnen uns kontaktieren, um uns das Problem mitzuteilen. In der Zwischenzeit k\u00f6nnen Sie zu unserer Homepage zur\u00fcckkehren, um andere verf\u00fcgbare Inhalte zu erkunden.\" \/>\n<meta property=\"og:url\" content=\"https:\/\/hpcportocolom.com\/de\/fehler-404\/\" \/>\n<meta property=\"og:site_name\" content=\"Restaurante HPC\" \/>\n<meta property=\"article:modified_time\" content=\"2025-02-24T12:02:35+00:00\" \/>\n<meta name=\"twitter:card\" content=\"summary_large_image\" \/>\n<meta name=\"twitter:label1\" content=\"Gesch\u00e4tzte Lesezeit\" \/>\n\t<meta name=\"twitter:data1\" content=\"3\u00a0Minuten\" \/>\n<script type=\"application\/ld+json\" class=\"yoast-schema-graph\">{\"@context\":\"https:\\\/\\\/schema.org\",\"@graph\":[{\"@type\":\"WebPage\",\"@id\":\"https:\\\/\\\/hpcportocolom.com\\\/de\\\/fehler-404\\\/\",\"url\":\"https:\\\/\\\/hpcportocolom.com\\\/de\\\/fehler-404\\\/\",\"name\":\"Fehler 404 - Restaurante HPC\",\"isPartOf\":{\"@id\":\"https:\\\/\\\/hpcportocolom.com\\\/de\\\/#website\"},\"datePublished\":\"2024-09-03T08:01:59+00:00\",\"dateModified\":\"2025-02-24T12:02:35+00:00\",\"breadcrumb\":{\"@id\":\"https:\\\/\\\/hpcportocolom.com\\\/de\\\/fehler-404\\\/#breadcrumb\"},\"inLanguage\":\"de\",\"potentialAction\":[{\"@type\":\"ReadAction\",\"target\":[\"https:\\\/\\\/hpcportocolom.com\\\/de\\\/fehler-404\\\/\"]}]},{\"@type\":\"BreadcrumbList\",\"@id\":\"https:\\\/\\\/hpcportocolom.com\\\/de\\\/fehler-404\\\/#breadcrumb\",\"itemListElement\":[{\"@type\":\"ListItem\",\"position\":1,\"name\":\"Portada\",\"item\":\"https:\\\/\\\/hpcportocolom.com\\\/de\\\/\"},{\"@type\":\"ListItem\",\"position\":2,\"name\":\"Fehler 404\"}]},{\"@type\":\"WebSite\",\"@id\":\"https:\\\/\\\/hpcportocolom.com\\\/de\\\/#website\",\"url\":\"https:\\\/\\\/hpcportocolom.com\\\/de\\\/\",\"name\":\"Restaurante HPC\",\"description\":\"Tradici\u00f3n marinera, vistas y mediterr\u00e1neo\",\"potentialAction\":[{\"@type\":\"SearchAction\",\"target\":{\"@type\":\"EntryPoint\",\"urlTemplate\":\"https:\\\/\\\/hpcportocolom.com\\\/de\\\/?s={search_term_string}\"},\"query-input\":{\"@type\":\"PropertyValueSpecification\",\"valueRequired\":true,\"valueName\":\"search_term_string\"}}],\"inLanguage\":\"de\"}]}<\/script>\n<!-- \/ Yoast SEO plugin. -->","yoast_head_json":{"title":"Fehler 404 - Restaurante HPC","robots":{"index":"index","follow":"follow","max-snippet":"max-snippet:-1","max-image-preview":"max-image-preview:large","max-video-preview":"max-video-preview:-1"},"canonical":"https:\/\/hpcportocolom.com\/de\/fehler-404\/","og_locale":"de_DE","og_type":"article","og_title":"Fehler 404 - Restaurante HPC","og_description":"Fehler 404Die von Ihnen gesuchte Seite ist nicht verf\u00fcgbarWir haben Ihre Nachricht erhalten und werden uns schnellstm\u00f6glich mit Ihnen in Verbindung setzen.Machen Sie sich keine Sorgen, Sie k\u00f6nnen uns kontaktieren, um uns das Problem mitzuteilen. In der Zwischenzeit k\u00f6nnen Sie zu unserer Homepage zur\u00fcckkehren, um andere verf\u00fcgbare Inhalte zu erkunden.","og_url":"https:\/\/hpcportocolom.com\/de\/fehler-404\/","og_site_name":"Restaurante HPC","article_modified_time":"2025-02-24T12:02:35+00:00","twitter_card":"summary_large_image","twitter_misc":{"Gesch\u00e4tzte Lesezeit":"3\u00a0Minuten"},"schema":{"@context":"https:\/\/schema.org","@graph":[{"@type":"WebPage","@id":"https:\/\/hpcportocolom.com\/de\/fehler-404\/","url":"https:\/\/hpcportocolom.com\/de\/fehler-404\/","name":"Fehler 404 - Restaurante HPC","isPartOf":{"@id":"https:\/\/hpcportocolom.com\/de\/#website"},"datePublished":"2024-09-03T08:01:59+00:00","dateModified":"2025-02-24T12:02:35+00:00","breadcrumb":{"@id":"https:\/\/hpcportocolom.com\/de\/fehler-404\/#breadcrumb"},"inLanguage":"de","potentialAction":[{"@type":"ReadAction","target":["https:\/\/hpcportocolom.com\/de\/fehler-404\/"]}]},{"@type":"BreadcrumbList","@id":"https:\/\/hpcportocolom.com\/de\/fehler-404\/#breadcrumb","itemListElement":[{"@type":"ListItem","position":1,"name":"Portada","item":"https:\/\/hpcportocolom.com\/de\/"},{"@type":"ListItem","position":2,"name":"Fehler 404"}]},{"@type":"WebSite","@id":"https:\/\/hpcportocolom.com\/de\/#website","url":"https:\/\/hpcportocolom.com\/de\/","name":"Restaurante HPC","description":"Tradici\u00f3n marinera, vistas y mediterr\u00e1neo","potentialAction":[{"@type":"SearchAction","target":{"@type":"EntryPoint","urlTemplate":"https:\/\/hpcportocolom.com\/de\/?s={search_term_string}"},"query-input":{"@type":"PropertyValueSpecification","valueRequired":true,"valueName":"search_term_string"}}],"inLanguage":"de"}]}},"_links":{"self":[{"href":"https:\/\/hpcportocolom.com\/de\/wp-json\/wp\/v2\/pages\/472","targetHints":{"allow":["GET"]}}],"collection":[{"href":"https:\/\/hpcportocolom.com\/de\/wp-json\/wp\/v2\/pages"}],"about":[{"href":"https:\/\/hpcportocolom.com\/de\/wp-json\/wp\/v2\/types\/page"}],"author":[{"embeddable":true,"href":"https:\/\/hpcportocolom.com\/de\/wp-json\/wp\/v2\/users\/3"}],"replies":[{"embeddable":true,"href":"https:\/\/hpcportocolom.com\/de\/wp-json\/wp\/v2\/comments?post=472"}],"version-history":[{"count":4,"href":"https:\/\/hpcportocolom.com\/de\/wp-json\/wp\/v2\/pages\/472\/revisions"}],"predecessor-version":[{"id":644,"href":"https:\/\/hpcportocolom.com\/de\/wp-json\/wp\/v2\/pages\/472\/revisions\/644"}],"wp:attachment":[{"href":"https:\/\/hpcportocolom.com\/de\/wp-json\/wp\/v2\/media?parent=472"}],"curies":[{"name":"wp","href":"https:\/\/api.w.org\/{rel}","templated":true}]}}