{"id":552,"date":"2024-09-05T11:43:25","date_gmt":"2024-09-05T09:43:25","guid":{"rendered":"https:\/\/hpcportocolom.com\/producto\/hpc-restaurant-flasche\/"},"modified":"2026-03-09T09:06:51","modified_gmt":"2026-03-09T08:06:51","slug":"hpc-restaurant-flasche","status":"publish","type":"product","link":"https:\/\/hpcportocolom.com\/de\/producto\/hpc-restaurant-flasche\/","title":{"rendered":"HPC-Restaurant-Flasche"},"content":{"rendered":"<p>[et_pb_section fb_built=&#8220;1&#8243; _builder_version=&#8220;4.16&#8243; custom_padding=&#8220;0px||||false|false&#8220; global_colors_info=&#8220;{}&#8220;][et_pb_row _builder_version=&#8220;4.16&#8243; background_size=&#8220;initial&#8220; background_position=&#8220;top_left&#8220; background_repeat=&#8220;repeat&#8220; width=&#8220;100%&#8220; custom_padding=&#8220;0px||0px||false|false&#8220; global_colors_info=&#8220;{}&#8220;][et_pb_column type=&#8220;4_4&#8243; _builder_version=&#8220;4.16&#8243; custom_padding=&#8220;|||&#8220; global_colors_info=&#8220;{}&#8220; custom_padding__hover=&#8220;|||&#8220;][et_pb_wc_breadcrumb _builder_version=&#8220;4.16&#8243; global_colors_info=&#8220;{}&#8220;][\/et_pb_wc_breadcrumb][et_pb_wc_cart_notice _builder_version=&#8220;4.27.4&#8243; background_color=&#8220;#666958&#8243; custom_button=&#8220;on&#8220; button_text_size=&#8220;12px&#8220; button_text_color=&#8220;#FFFFFF&#8220; button_bg_color=&#8220;RGBA(255,255,255,0)&#8220; button_border_width=&#8220;1px&#8220; button_border_color=&#8220;#FFFFFF&#8220; button_border_radius=&#8220;0px&#8220; button_letter_spacing=&#8220;1.2px&#8220; button_font=&#8220;Montserrat|||on|||||&#8220; button_use_icon=&#8220;off&#8220; button_custom_padding=&#8220;17px|25px|17px|25px|true|true&#8220; hover_enabled=&#8220;0&#8243; global_colors_info=&#8220;{}&#8220; button_bg_color__hover=&#8220;#FFFFFF&#8220; button_bg_color__hover_enabled=&#8220;on|hover&#8220; button_border_color__hover=&#8220;#ffffff&#8220; button_border_color__hover_enabled=&#8220;on|desktop&#8220; button_custom_padding__hover_enabled=&#8220;on|hover&#8220; button_custom_padding__hover=&#8220;17px|25px|17px|25px|true|true&#8220; title_font=&#8220;Montserrat||||||||&#8220; sticky_enabled=&#8220;0&#8243; button_bg_enable_color__hover=&#8220;on&#8220; button_text_color__hover_enabled=&#8220;on|hover&#8220; button_text_color__hover=&#8220;#666958&#8243;][\/et_pb_wc_cart_notice][\/et_pb_column][\/et_pb_row][et_pb_row column_structure=&#8220;1_2,1_2&#8243; _builder_version=&#8220;4.16&#8243; background_size=&#8220;initial&#8220; background_position=&#8220;top_left&#8220; background_repeat=&#8220;repeat&#8220; width=&#8220;100%&#8220; custom_padding=&#8220;0px||||false|false&#8220; global_colors_info=&#8220;{}&#8220;][et_pb_column type=&#8220;1_2&#8243; _builder_version=&#8220;4.16&#8243; custom_padding=&#8220;|||&#8220; global_colors_info=&#8220;{}&#8220; custom_padding__hover=&#8220;|||&#8220;][et_pb_wc_images _builder_version=&#8220;4.16&#8243; global_colors_info=&#8220;{}&#8220;][\/et_pb_wc_images][\/et_pb_column][et_pb_column type=&#8220;1_2&#8243; _builder_version=&#8220;4.16&#8243; custom_padding=&#8220;|||&#8220; global_colors_info=&#8220;{}&#8220; custom_padding__hover=&#8220;|||&#8220;][et_pb_wc_title _builder_version=&#8220;4.27.4&#8243; header_font=&#8220;Montserrat||||||||&#8220; header_text_color=&#8220;#666958&#8243; hover_enabled=&#8220;0&#8243; global_colors_info=&#8220;{}&#8220; sticky_enabled=&#8220;0&#8243;][\/et_pb_wc_title][et_pb_wc_price _builder_version=&#8220;4.27.4&#8243; body_font=&#8220;Montserrat||||||||&#8220; body_text_color=&#8220;#666958&#8243; hover_enabled=&#8220;0&#8243; global_colors_info=&#8220;{}&#8220; sticky_enabled=&#8220;0&#8243;][\/et_pb_wc_price][et_pb_wc_description _builder_version=&#8220;4.27.4&#8243; hover_enabled=&#8220;0&#8243; global_colors_info=&#8220;{}&#8220; body_font=&#8220;Montserrat||||||||&#8220; sticky_enabled=&#8220;0&#8243;][\/et_pb_wc_description][et_pb_wc_add_to_cart _builder_version=&#8220;4.27.0&#8243; custom_button=&#8220;on&#8220; button_text_size=&#8220;12px&#8220; button_text_color=&#8220;#04365B&#8220; button_bg_color=&#8220;RGBA(255,255,255,0)&#8220; button_border_width=&#8220;1px&#8220; button_border_color=&#8220;#04365B&#8220; button_border_radius=&#8220;0px&#8220; button_letter_spacing=&#8220;1.2px&#8220; button_font=&#8220;Outfit|||on|||||&#8220; button_use_icon=&#8220;off&#8220; button_custom_padding=&#8220;17px|25px|17px|25px|true|true&#8220; global_colors_info=&#8220;{}&#8220; button_bg_color__hover=&#8220;#FFFFFF&#8220; button_bg_color__hover_enabled=&#8220;on|hover&#8220; button_border_color__hover=&#8220;#04365B&#8220; button_border_color__hover_enabled=&#8220;on|hover&#8220; button_bg_enable_color__hover=&#8220;on&#8220;][\/et_pb_wc_add_to_cart][et_pb_wc_meta _builder_version=&#8220;4.27.0&#8243; body_font=&#8220;Nunito||||||||&#8220; body_font_size=&#8220;16px&#8220; global_colors_info=&#8220;{}&#8220;][\/et_pb_wc_meta][\/et_pb_column][\/et_pb_row][et_pb_row _builder_version=&#8220;4.16&#8243; background_size=&#8220;initial&#8220; background_position=&#8220;top_left&#8220; background_repeat=&#8220;repeat&#8220; width=&#8220;100%&#8220; global_colors_info=&#8220;{}&#8220;][et_pb_column type=&#8220;4_4&#8243; _builder_version=&#8220;4.16&#8243; custom_padding=&#8220;|||&#8220; global_colors_info=&#8220;{}&#8220; custom_padding__hover=&#8220;|||&#8220;][et_pb_wc_related_products _builder_version=&#8220;4.27.4&#8243; title_font=&#8220;Montserrat||||||||&#8220; title_text_color=&#8220;#666958&#8243; product_title_font=&#8220;Montserrat||||||||&#8220; price_font=&#8220;Montserrat||||||||&#8220; price_font_size=&#8220;18px&#8220; hover_enabled=&#8220;0&#8243; global_colors_info=&#8220;{}&#8220; sticky_enabled=&#8220;0&#8243; product_title_text_color=&#8220;#666958&#8243; price_text_color=&#8220;#666958&#8243;][\/et_pb_wc_related_products][\/et_pb_column][\/et_pb_row][\/et_pb_section]<\/p>\n","protected":false},"excerpt":{"rendered":"<p>Mit unserer 50-ml-Fl\u00fcssigkeitsflasche in Wei\u00df haben Sie Ihre Lieblingsfl\u00fcssigkeiten immer griffbereit. Ihr schlankes, kompaktes Design macht sie perfekt f\u00fcr den Transport in Ihrer Handtasche, Ihrem Rucksack oder sogar Ihrer Hosentasche. Ideal f\u00fcr Parf\u00fcm, \u00e4therische \u00d6le oder Lotionen &#8211; diese Flasche ist ebenso praktisch wie vielseitig.<\/p>\n<p>Eigenschaften:<\/p>\n<ul>\n<li>Fassungsverm\u00f6gen: 50 ml<\/li>\n<li>Farbe: Wei\u00df<\/li>\n<\/ul>\n","protected":false},"featured_media":430,"comment_status":"open","ping_status":"closed","template":"","meta":{"_et_pb_use_builder":"on","_et_pb_old_content":"","_et_gb_content_width":""},"product_brand":[],"product_cat":[20],"product_tag":[],"class_list":{"0":"post-552","1":"product","2":"type-product","3":"status-publish","4":"has-post-thumbnail","6":"product_cat-unkategorisiert","8":"first","9":"outofstock","10":"shipping-taxable","11":"purchasable","12":"product-type-simple"},"yoast_head":"<!-- This site is optimized with the Yoast SEO plugin v27.5 - https:\/\/yoast.com\/product\/yoast-seo-wordpress\/ -->\n<title>HPC-Restaurant-Flasche - Restaurante HPC<\/title>\n<meta name=\"robots\" content=\"index, follow, max-snippet:-1, max-image-preview:large, max-video-preview:-1\" \/>\n<link rel=\"canonical\" href=\"https:\/\/hpcportocolom.com\/de\/producto\/hpc-restaurant-flasche\/\" \/>\n<meta property=\"og:locale\" content=\"de_DE\" \/>\n<meta property=\"og:type\" content=\"article\" \/>\n<meta property=\"og:title\" content=\"HPC-Restaurant-Flasche - Restaurante HPC\" \/>\n<meta property=\"og:description\" content=\"Mit unserer 50-ml-Fl\u00fcssigkeitsflasche in Wei\u00df haben Sie Ihre Lieblingsfl\u00fcssigkeiten immer griffbereit. Ihr schlankes, kompaktes Design macht sie perfekt f\u00fcr den Transport in Ihrer Handtasche, Ihrem Rucksack oder sogar Ihrer Hosentasche. Ideal f\u00fcr Parf\u00fcm, \u00e4therische \u00d6le oder Lotionen - diese Flasche ist ebenso praktisch wie vielseitig. Eigenschaften:  Fassungsverm\u00f6gen: 50 ml Farbe: Wei\u00df\" \/>\n<meta property=\"og:url\" content=\"https:\/\/hpcportocolom.com\/de\/producto\/hpc-restaurant-flasche\/\" \/>\n<meta property=\"og:site_name\" content=\"Restaurante HPC\" \/>\n<meta property=\"article:modified_time\" content=\"2026-03-09T08:06:51+00:00\" \/>\n<meta property=\"og:image\" content=\"https:\/\/hpcportocolom.com\/wp-content\/uploads\/2024\/09\/BOTTLE_Final.png\" \/>\n\t<meta property=\"og:image:width\" content=\"500\" \/>\n\t<meta property=\"og:image:height\" content=\"500\" \/>\n\t<meta property=\"og:image:type\" content=\"image\/png\" \/>\n<meta name=\"twitter:card\" content=\"summary_large_image\" \/>\n<meta name=\"twitter:label1\" content=\"Gesch\u00e4tzte Lesezeit\" \/>\n\t<meta name=\"twitter:data1\" content=\"3\u00a0Minuten\" \/>\n<script type=\"application\/ld+json\" class=\"yoast-schema-graph\">{\"@context\":\"https:\\\/\\\/schema.org\",\"@graph\":[{\"@type\":\"WebPage\",\"@id\":\"https:\\\/\\\/hpcportocolom.com\\\/de\\\/producto\\\/hpc-restaurant-flasche\\\/\",\"url\":\"https:\\\/\\\/hpcportocolom.com\\\/de\\\/producto\\\/hpc-restaurant-flasche\\\/\",\"name\":\"HPC-Restaurant-Flasche - Restaurante HPC\",\"isPartOf\":{\"@id\":\"https:\\\/\\\/hpcportocolom.com\\\/de\\\/#website\"},\"primaryImageOfPage\":{\"@id\":\"https:\\\/\\\/hpcportocolom.com\\\/de\\\/producto\\\/hpc-restaurant-flasche\\\/#primaryimage\"},\"image\":{\"@id\":\"https:\\\/\\\/hpcportocolom.com\\\/de\\\/producto\\\/hpc-restaurant-flasche\\\/#primaryimage\"},\"thumbnailUrl\":\"https:\\\/\\\/hpcportocolom.com\\\/wp-content\\\/uploads\\\/2024\\\/09\\\/BOTTLE_Final.png\",\"datePublished\":\"2024-09-05T09:43:25+00:00\",\"dateModified\":\"2026-03-09T08:06:51+00:00\",\"breadcrumb\":{\"@id\":\"https:\\\/\\\/hpcportocolom.com\\\/de\\\/producto\\\/hpc-restaurant-flasche\\\/#breadcrumb\"},\"inLanguage\":\"de\",\"potentialAction\":[{\"@type\":\"ReadAction\",\"target\":[\"https:\\\/\\\/hpcportocolom.com\\\/de\\\/producto\\\/hpc-restaurant-flasche\\\/\"]}]},{\"@type\":\"ImageObject\",\"inLanguage\":\"de\",\"@id\":\"https:\\\/\\\/hpcportocolom.com\\\/de\\\/producto\\\/hpc-restaurant-flasche\\\/#primaryimage\",\"url\":\"https:\\\/\\\/hpcportocolom.com\\\/wp-content\\\/uploads\\\/2024\\\/09\\\/BOTTLE_Final.png\",\"contentUrl\":\"https:\\\/\\\/hpcportocolom.com\\\/wp-content\\\/uploads\\\/2024\\\/09\\\/BOTTLE_Final.png\",\"width\":500,\"height\":500,\"caption\":\"HPC-Restaurant-Flasche\"},{\"@type\":\"BreadcrumbList\",\"@id\":\"https:\\\/\\\/hpcportocolom.com\\\/de\\\/producto\\\/hpc-restaurant-flasche\\\/#breadcrumb\",\"itemListElement\":[{\"@type\":\"ListItem\",\"position\":1,\"name\":\"Portada\",\"item\":\"https:\\\/\\\/hpcportocolom.com\\\/de\\\/\"},{\"@type\":\"ListItem\",\"position\":2,\"name\":\"Speichern\",\"item\":\"https:\\\/\\\/hpcportocolom.com\\\/tienda\\\/\"},{\"@type\":\"ListItem\",\"position\":3,\"name\":\"HPC-Restaurant-Flasche\"}]},{\"@type\":\"WebSite\",\"@id\":\"https:\\\/\\\/hpcportocolom.com\\\/de\\\/#website\",\"url\":\"https:\\\/\\\/hpcportocolom.com\\\/de\\\/\",\"name\":\"Restaurante HPC\",\"description\":\"Tradici\u00f3n marinera, vistas y mediterr\u00e1neo\",\"potentialAction\":[{\"@type\":\"SearchAction\",\"target\":{\"@type\":\"EntryPoint\",\"urlTemplate\":\"https:\\\/\\\/hpcportocolom.com\\\/de\\\/?s={search_term_string}\"},\"query-input\":{\"@type\":\"PropertyValueSpecification\",\"valueRequired\":true,\"valueName\":\"search_term_string\"}}],\"inLanguage\":\"de\"}]}<\/script>\n<!-- \/ Yoast SEO plugin. -->","yoast_head_json":{"title":"HPC-Restaurant-Flasche - Restaurante HPC","robots":{"index":"index","follow":"follow","max-snippet":"max-snippet:-1","max-image-preview":"max-image-preview:large","max-video-preview":"max-video-preview:-1"},"canonical":"https:\/\/hpcportocolom.com\/de\/producto\/hpc-restaurant-flasche\/","og_locale":"de_DE","og_type":"article","og_title":"HPC-Restaurant-Flasche - Restaurante HPC","og_description":"Mit unserer 50-ml-Fl\u00fcssigkeitsflasche in Wei\u00df haben Sie Ihre Lieblingsfl\u00fcssigkeiten immer griffbereit. Ihr schlankes, kompaktes Design macht sie perfekt f\u00fcr den Transport in Ihrer Handtasche, Ihrem Rucksack oder sogar Ihrer Hosentasche. Ideal f\u00fcr Parf\u00fcm, \u00e4therische \u00d6le oder Lotionen - diese Flasche ist ebenso praktisch wie vielseitig. Eigenschaften:  Fassungsverm\u00f6gen: 50 ml Farbe: Wei\u00df","og_url":"https:\/\/hpcportocolom.com\/de\/producto\/hpc-restaurant-flasche\/","og_site_name":"Restaurante HPC","article_modified_time":"2026-03-09T08:06:51+00:00","og_image":[{"width":500,"height":500,"url":"https:\/\/hpcportocolom.com\/wp-content\/uploads\/2024\/09\/BOTTLE_Final.png","type":"image\/png"}],"twitter_card":"summary_large_image","twitter_misc":{"Gesch\u00e4tzte Lesezeit":"3\u00a0Minuten"},"schema":{"@context":"https:\/\/schema.org","@graph":[{"@type":"WebPage","@id":"https:\/\/hpcportocolom.com\/de\/producto\/hpc-restaurant-flasche\/","url":"https:\/\/hpcportocolom.com\/de\/producto\/hpc-restaurant-flasche\/","name":"HPC-Restaurant-Flasche - Restaurante HPC","isPartOf":{"@id":"https:\/\/hpcportocolom.com\/de\/#website"},"primaryImageOfPage":{"@id":"https:\/\/hpcportocolom.com\/de\/producto\/hpc-restaurant-flasche\/#primaryimage"},"image":{"@id":"https:\/\/hpcportocolom.com\/de\/producto\/hpc-restaurant-flasche\/#primaryimage"},"thumbnailUrl":"https:\/\/hpcportocolom.com\/wp-content\/uploads\/2024\/09\/BOTTLE_Final.png","datePublished":"2024-09-05T09:43:25+00:00","dateModified":"2026-03-09T08:06:51+00:00","breadcrumb":{"@id":"https:\/\/hpcportocolom.com\/de\/producto\/hpc-restaurant-flasche\/#breadcrumb"},"inLanguage":"de","potentialAction":[{"@type":"ReadAction","target":["https:\/\/hpcportocolom.com\/de\/producto\/hpc-restaurant-flasche\/"]}]},{"@type":"ImageObject","inLanguage":"de","@id":"https:\/\/hpcportocolom.com\/de\/producto\/hpc-restaurant-flasche\/#primaryimage","url":"https:\/\/hpcportocolom.com\/wp-content\/uploads\/2024\/09\/BOTTLE_Final.png","contentUrl":"https:\/\/hpcportocolom.com\/wp-content\/uploads\/2024\/09\/BOTTLE_Final.png","width":500,"height":500,"caption":"HPC-Restaurant-Flasche"},{"@type":"BreadcrumbList","@id":"https:\/\/hpcportocolom.com\/de\/producto\/hpc-restaurant-flasche\/#breadcrumb","itemListElement":[{"@type":"ListItem","position":1,"name":"Portada","item":"https:\/\/hpcportocolom.com\/de\/"},{"@type":"ListItem","position":2,"name":"Speichern","item":"https:\/\/hpcportocolom.com\/tienda\/"},{"@type":"ListItem","position":3,"name":"HPC-Restaurant-Flasche"}]},{"@type":"WebSite","@id":"https:\/\/hpcportocolom.com\/de\/#website","url":"https:\/\/hpcportocolom.com\/de\/","name":"Restaurante HPC","description":"Tradici\u00f3n marinera, vistas y mediterr\u00e1neo","potentialAction":[{"@type":"SearchAction","target":{"@type":"EntryPoint","urlTemplate":"https:\/\/hpcportocolom.com\/de\/?s={search_term_string}"},"query-input":{"@type":"PropertyValueSpecification","valueRequired":true,"valueName":"search_term_string"}}],"inLanguage":"de"}]}},"_links":{"self":[{"href":"https:\/\/hpcportocolom.com\/de\/wp-json\/wp\/v2\/product\/552","targetHints":{"allow":["GET"]}}],"collection":[{"href":"https:\/\/hpcportocolom.com\/de\/wp-json\/wp\/v2\/product"}],"about":[{"href":"https:\/\/hpcportocolom.com\/de\/wp-json\/wp\/v2\/types\/product"}],"replies":[{"embeddable":true,"href":"https:\/\/hpcportocolom.com\/de\/wp-json\/wp\/v2\/comments?post=552"}],"wp:featuredmedia":[{"embeddable":true,"href":"https:\/\/hpcportocolom.com\/de\/wp-json\/wp\/v2\/media\/430"}],"wp:attachment":[{"href":"https:\/\/hpcportocolom.com\/de\/wp-json\/wp\/v2\/media?parent=552"}],"wp:term":[{"taxonomy":"product_brand","embeddable":true,"href":"https:\/\/hpcportocolom.com\/de\/wp-json\/wp\/v2\/product_brand?post=552"},{"taxonomy":"product_cat","embeddable":true,"href":"https:\/\/hpcportocolom.com\/de\/wp-json\/wp\/v2\/product_cat?post=552"},{"taxonomy":"product_tag","embeddable":true,"href":"https:\/\/hpcportocolom.com\/de\/wp-json\/wp\/v2\/product_tag?post=552"}],"curies":[{"name":"wp","href":"https:\/\/api.w.org\/{rel}","templated":true}]}}