{"id":568,"date":"2024-09-18T09:55:48","date_gmt":"2024-09-18T07:55:48","guid":{"rendered":"https:\/\/hpcportocolom.com\/producto\/voucher-hpc\/"},"modified":"2025-03-03T15:21:16","modified_gmt":"2025-03-03T14:21:16","slug":"voucher-hpc","status":"publish","type":"product","link":"https:\/\/hpcportocolom.com\/de\/producto\/voucher-hpc\/","title":{"rendered":"Voucher HPC"},"content":{"rendered":"<p>[et_pb_section fb_built=&#8220;1&#8243; _builder_version=&#8220;4.16&#8243; custom_padding=&#8220;0px||||false|false&#8220; global_colors_info=&#8220;{}&#8220;][et_pb_row _builder_version=&#8220;4.16&#8243; background_size=&#8220;initial&#8220; background_position=&#8220;top_left&#8220; background_repeat=&#8220;repeat&#8220; width=&#8220;100%&#8220; custom_padding=&#8220;0px||0px||false|false&#8220; global_colors_info=&#8220;{}&#8220;][et_pb_column type=&#8220;4_4&#8243; _builder_version=&#8220;4.16&#8243; custom_padding=&#8220;|||&#8220; global_colors_info=&#8220;{}&#8220; custom_padding__hover=&#8220;|||&#8220;][et_pb_wc_breadcrumb _builder_version=&#8220;4.16&#8243; global_colors_info=&#8220;{}&#8220;][\/et_pb_wc_breadcrumb][et_pb_wc_cart_notice _builder_version=&#8220;4.27.4&#8243; background_color=&#8220;#666958&#8243; custom_button=&#8220;on&#8220; button_text_size=&#8220;12px&#8220; button_text_color=&#8220;#FFFFFF&#8220; button_bg_color=&#8220;RGBA(255,255,255,0)&#8220; button_border_width=&#8220;1px&#8220; button_border_color=&#8220;#FFFFFF&#8220; button_border_radius=&#8220;0px&#8220; button_letter_spacing=&#8220;1.2px&#8220; button_font=&#8220;Outfit|||on|||||&#8220; button_use_icon=&#8220;off&#8220; button_custom_padding=&#8220;17px|25px|17px|25px|true|true&#8220; hover_enabled=&#8220;0&#8243; global_colors_info=&#8220;{}&#8220; button_bg_color__hover=&#8220;#FFFFFF&#8220; button_bg_color__hover_enabled=&#8220;on|hover&#8220; button_border_color__hover=&#8220;#FFFFFF&#8220; button_border_color__hover_enabled=&#8220;on|hover&#8220; button_custom_padding__hover=&#8220;17px|25px|17px|25px|true|true&#8220; button_custom_padding__hover_enabled=&#8220;on|hover&#8220; sticky_enabled=&#8220;0&#8243; button_bg_enable_color=&#8220;on&#8220; button_bg_enable_color__hover=&#8220;on&#8220; button_text_color__hover_enabled=&#8220;on|hover&#8220; button_text_color__hover=&#8220;#666958&#8243; title_font=&#8220;Montserrat||||||||&#8220;][\/et_pb_wc_cart_notice][\/et_pb_column][\/et_pb_row][et_pb_row column_structure=&#8220;1_2,1_2&#8243; _builder_version=&#8220;4.16&#8243; background_size=&#8220;initial&#8220; background_position=&#8220;top_left&#8220; background_repeat=&#8220;repeat&#8220; width=&#8220;100%&#8220; custom_padding=&#8220;0px||||false|false&#8220; global_colors_info=&#8220;{}&#8220;][et_pb_column type=&#8220;1_2&#8243; _builder_version=&#8220;4.16&#8243; custom_padding=&#8220;|||&#8220; global_colors_info=&#8220;{}&#8220; custom_padding__hover=&#8220;|||&#8220;][et_pb_wc_images _builder_version=&#8220;4.16&#8243; global_colors_info=&#8220;{}&#8220;][\/et_pb_wc_images][\/et_pb_column][et_pb_column type=&#8220;1_2&#8243; _builder_version=&#8220;4.16&#8243; custom_padding=&#8220;|||&#8220; global_colors_info=&#8220;{}&#8220; custom_padding__hover=&#8220;|||&#8220;][et_pb_wc_title _builder_version=&#8220;4.16&#8243; header_font=&#8220;Marcellus||||||||&#8220; header_text_color=&#8220;#04365B&#8220; global_colors_info=&#8220;{}&#8220;][\/et_pb_wc_title][et_pb_wc_price _builder_version=&#8220;4.27.4&#8243; hover_enabled=&#8220;0&#8243; global_colors_info=&#8220;{}&#8220; body_font=&#8220;Montserrat||||||||&#8220; body_text_color=&#8220;#666958&#8243; sticky_enabled=&#8220;0&#8243;][\/et_pb_wc_price][et_pb_wc_description _builder_version=&#8220;4.27.4&#8243; hover_enabled=&#8220;0&#8243; global_colors_info=&#8220;{}&#8220; body_font=&#8220;Montserrat||||||||&#8220; sticky_enabled=&#8220;0&#8243;][\/et_pb_wc_description][et_pb_wc_add_to_cart _builder_version=&#8220;4.27.4&#8243; custom_button=&#8220;on&#8220; button_text_size=&#8220;12px&#8220; button_text_color=&#8220;#666958&#8243; button_bg_color=&#8220;RGBA(255,255,255,0)&#8220; button_border_width=&#8220;1px&#8220; button_border_color=&#8220;#666958&#8243; button_border_radius=&#8220;0px&#8220; button_letter_spacing=&#8220;1.2px&#8220; button_font=&#8220;Outfit|||on|||||&#8220; button_use_icon=&#8220;off&#8220; button_custom_padding=&#8220;17px|25px|17px|25px|true|true&#8220; hover_enabled=&#8220;0&#8243; global_colors_info=&#8220;{}&#8220; button_bg_color__hover=&#8220;#666958&#8243; button_bg_color__hover_enabled=&#8220;on|hover&#8220; button_border_color__hover=&#8220;#666958&#8243; button_border_color__hover_enabled=&#8220;on|hover&#8220; dropdown_menus_font=&#8220;Montserrat||||||||&#8220; sticky_enabled=&#8220;0&#8243; button_bg_enable_color__hover=&#8220;on&#8220; button_text_color__hover_enabled=&#8220;on|hover&#8220; button_text_color__hover=&#8220;#ffffff&#8220;][\/et_pb_wc_add_to_cart][et_pb_wc_meta _builder_version=&#8220;4.16&#8243; global_colors_info=&#8220;{}&#8220;][\/et_pb_wc_meta][\/et_pb_column][\/et_pb_row][et_pb_row _builder_version=&#8220;4.16&#8243; background_size=&#8220;initial&#8220; background_position=&#8220;top_left&#8220; background_repeat=&#8220;repeat&#8220; width=&#8220;100%&#8220; global_colors_info=&#8220;{}&#8220;][et_pb_column type=&#8220;4_4&#8243; _builder_version=&#8220;4.16&#8243; custom_padding=&#8220;|||&#8220; global_colors_info=&#8220;{}&#8220; custom_padding__hover=&#8220;|||&#8220;][et_pb_wc_upsells _builder_version=&#8220;4.16&#8243; global_colors_info=&#8220;{}&#8220;][\/et_pb_wc_upsells][et_pb_wc_related_products _builder_version=&#8220;4.27.4&#8243; title_font=&#8220;Montserrat||||||||&#8220; title_text_color=&#8220;#666958&#8243; product_title_font=&#8220;Montserrat||||||||&#8220; price_font=&#8220;Montserrat||||||||&#8220; price_font_size=&#8220;18px&#8220; hover_enabled=&#8220;0&#8243; global_colors_info=&#8220;{}&#8220; sticky_enabled=&#8220;0&#8243; product_title_text_color=&#8220;#666958&#8243; price_text_color=&#8220;#666958&#8243;][\/et_pb_wc_related_products][\/et_pb_column][\/et_pb_row][\/et_pb_section]<\/p>\n","protected":false},"excerpt":{"rendered":"<p><strong>Schenken Sie ein unvergessliches Erlebnis!<\/strong><\/p>\n<p>Mit diesem Gutschein k\u00f6nnen Sie ein exquisites gastronomisches Erlebnis in unserem Restaurant genie\u00dfen. Sie w\u00e4hlen den Wert des Gutscheins und wir sorgen daf\u00fcr, dass jedes Gericht ein Genuss f\u00fcr die Sinne ist.<\/p>\n<p>Von traditionellen Geschmacksrichtungen bis hin zu innovativen Vorschl\u00e4gen bieten wir Ihnen eine kulinarische Reise, die jeden Gaumen erfreut. Perfekt f\u00fcr jeden besonderen Anlass oder einfach, um sich selbst zu verw\u00f6hnen.<\/p>\n<p>W\u00e4hlen Sie Ihren Preis und genie\u00dfen Sie ein einzigartiges Erlebnis in unserem Restaurant, wir warten auf Sie!<\/p>\n","protected":false},"featured_media":560,"comment_status":"open","ping_status":"closed","template":"","meta":{"_et_pb_use_builder":"on","_et_pb_old_content":"<p><strong>Schenken Sie ein unvergessliches Erlebnis!<\/strong><\/p>\r\n<p>Mit diesem Gutschein k\u00f6nnen Sie ein exquisites gastronomisches Erlebnis in unserem Restaurant genie\u00dfen. Sie w\u00e4hlen den Wert des Gutscheins und wir sorgen daf\u00fcr, dass jedes Gericht ein Genuss f\u00fcr die Sinne ist.<\/p>\r\n<p>Von traditionellen Geschmacksrichtungen bis hin zu innovativen Vorschl\u00e4gen bieten wir Ihnen eine kulinarische Reise, die jeden Gaumen erfreut. Perfekt f\u00fcr jeden besonderen Anlass oder einfach, um sich selbst zu verw\u00f6hnen.<\/p>\r\n<p>W\u00e4hlen Sie Ihren Preis und genie\u00dfen Sie ein einzigartiges Erlebnis in unserem Restaurant, wir warten auf Sie!<\/p>","_et_gb_content_width":""},"product_brand":[],"product_cat":[20],"product_tag":[],"class_list":{"0":"post-568","1":"product","2":"type-product","3":"status-publish","4":"has-post-thumbnail","6":"product_cat-unkategorisiert","8":"first","9":"instock","10":"purchasable","11":"product-type-pw-gift-card"},"yoast_head":"<!-- This site is optimized with the Yoast SEO plugin v27.4 - https:\/\/yoast.com\/product\/yoast-seo-wordpress\/ -->\n<title>Voucher HPC - Restaurante HPC<\/title>\n<meta name=\"robots\" content=\"index, follow, max-snippet:-1, max-image-preview:large, max-video-preview:-1\" \/>\n<link rel=\"canonical\" href=\"https:\/\/hpcportocolom.com\/de\/producto\/voucher-hpc\/\" \/>\n<meta property=\"og:locale\" content=\"de_DE\" \/>\n<meta property=\"og:type\" content=\"article\" \/>\n<meta property=\"og:title\" content=\"Voucher HPC - Restaurante HPC\" \/>\n<meta property=\"og:description\" content=\"Schenken Sie ein unvergessliches Erlebnis! Mit diesem Gutschein k\u00f6nnen Sie ein exquisites gastronomisches Erlebnis in unserem Restaurant genie\u00dfen. Sie w\u00e4hlen den Wert des Gutscheins und wir sorgen daf\u00fcr, dass jedes Gericht ein Genuss f\u00fcr die Sinne ist. Von traditionellen Geschmacksrichtungen bis hin zu innovativen Vorschl\u00e4gen bieten wir Ihnen eine kulinarische Reise, die jeden Gaumen erfreut. Perfekt f\u00fcr jeden besonderen Anlass oder einfach, um sich selbst zu verw\u00f6hnen. W\u00e4hlen Sie Ihren Preis und genie\u00dfen Sie ein einzigartiges Erlebnis in unserem Restaurant, wir warten auf Sie!\" \/>\n<meta property=\"og:url\" content=\"https:\/\/hpcportocolom.com\/de\/producto\/voucher-hpc\/\" \/>\n<meta property=\"og:site_name\" content=\"Restaurante HPC\" \/>\n<meta property=\"article:modified_time\" content=\"2025-03-03T14:21:16+00:00\" \/>\n<meta property=\"og:image\" content=\"https:\/\/hpcportocolom.com\/wp-content\/uploads\/2024\/09\/pw-gift-card.png\" \/>\n\t<meta property=\"og:image:width\" content=\"512\" \/>\n\t<meta property=\"og:image:height\" content=\"512\" \/>\n\t<meta property=\"og:image:type\" content=\"image\/png\" \/>\n<meta name=\"twitter:card\" content=\"summary_large_image\" \/>\n<meta name=\"twitter:label1\" content=\"Gesch\u00e4tzte Lesezeit\" \/>\n\t<meta name=\"twitter:data1\" content=\"3\u00a0Minuten\" \/>\n<script type=\"application\/ld+json\" class=\"yoast-schema-graph\">{\"@context\":\"https:\\\/\\\/schema.org\",\"@graph\":[{\"@type\":\"WebPage\",\"@id\":\"https:\\\/\\\/hpcportocolom.com\\\/de\\\/producto\\\/voucher-hpc\\\/\",\"url\":\"https:\\\/\\\/hpcportocolom.com\\\/de\\\/producto\\\/voucher-hpc\\\/\",\"name\":\"Voucher HPC - Restaurante HPC\",\"isPartOf\":{\"@id\":\"https:\\\/\\\/hpcportocolom.com\\\/de\\\/#website\"},\"primaryImageOfPage\":{\"@id\":\"https:\\\/\\\/hpcportocolom.com\\\/de\\\/producto\\\/voucher-hpc\\\/#primaryimage\"},\"image\":{\"@id\":\"https:\\\/\\\/hpcportocolom.com\\\/de\\\/producto\\\/voucher-hpc\\\/#primaryimage\"},\"thumbnailUrl\":\"https:\\\/\\\/hpcportocolom.com\\\/wp-content\\\/uploads\\\/2024\\\/09\\\/pw-gift-card-e1771599775107.png\",\"datePublished\":\"2024-09-18T07:55:48+00:00\",\"dateModified\":\"2025-03-03T14:21:16+00:00\",\"breadcrumb\":{\"@id\":\"https:\\\/\\\/hpcportocolom.com\\\/de\\\/producto\\\/voucher-hpc\\\/#breadcrumb\"},\"inLanguage\":\"de\",\"potentialAction\":[{\"@type\":\"ReadAction\",\"target\":[\"https:\\\/\\\/hpcportocolom.com\\\/de\\\/producto\\\/voucher-hpc\\\/\"]}]},{\"@type\":\"ImageObject\",\"inLanguage\":\"de\",\"@id\":\"https:\\\/\\\/hpcportocolom.com\\\/de\\\/producto\\\/voucher-hpc\\\/#primaryimage\",\"url\":\"https:\\\/\\\/hpcportocolom.com\\\/wp-content\\\/uploads\\\/2024\\\/09\\\/pw-gift-card-e1771599775107.png\",\"contentUrl\":\"https:\\\/\\\/hpcportocolom.com\\\/wp-content\\\/uploads\\\/2024\\\/09\\\/pw-gift-card-e1771599775107.png\",\"width\":512,\"height\":512},{\"@type\":\"BreadcrumbList\",\"@id\":\"https:\\\/\\\/hpcportocolom.com\\\/de\\\/producto\\\/voucher-hpc\\\/#breadcrumb\",\"itemListElement\":[{\"@type\":\"ListItem\",\"position\":1,\"name\":\"Portada\",\"item\":\"https:\\\/\\\/hpcportocolom.com\\\/de\\\/\"},{\"@type\":\"ListItem\",\"position\":2,\"name\":\"Speichern\",\"item\":\"https:\\\/\\\/hpcportocolom.com\\\/tienda\\\/\"},{\"@type\":\"ListItem\",\"position\":3,\"name\":\"Voucher HPC\"}]},{\"@type\":\"WebSite\",\"@id\":\"https:\\\/\\\/hpcportocolom.com\\\/de\\\/#website\",\"url\":\"https:\\\/\\\/hpcportocolom.com\\\/de\\\/\",\"name\":\"Restaurante HPC\",\"description\":\"Tradici\u00f3n marinera, vistas y mediterr\u00e1neo\",\"potentialAction\":[{\"@type\":\"SearchAction\",\"target\":{\"@type\":\"EntryPoint\",\"urlTemplate\":\"https:\\\/\\\/hpcportocolom.com\\\/de\\\/?s={search_term_string}\"},\"query-input\":{\"@type\":\"PropertyValueSpecification\",\"valueRequired\":true,\"valueName\":\"search_term_string\"}}],\"inLanguage\":\"de\"}]}<\/script>\n<!-- \/ Yoast SEO plugin. -->","yoast_head_json":{"title":"Voucher HPC - Restaurante HPC","robots":{"index":"index","follow":"follow","max-snippet":"max-snippet:-1","max-image-preview":"max-image-preview:large","max-video-preview":"max-video-preview:-1"},"canonical":"https:\/\/hpcportocolom.com\/de\/producto\/voucher-hpc\/","og_locale":"de_DE","og_type":"article","og_title":"Voucher HPC - Restaurante HPC","og_description":"Schenken Sie ein unvergessliches Erlebnis! Mit diesem Gutschein k\u00f6nnen Sie ein exquisites gastronomisches Erlebnis in unserem Restaurant genie\u00dfen. Sie w\u00e4hlen den Wert des Gutscheins und wir sorgen daf\u00fcr, dass jedes Gericht ein Genuss f\u00fcr die Sinne ist. Von traditionellen Geschmacksrichtungen bis hin zu innovativen Vorschl\u00e4gen bieten wir Ihnen eine kulinarische Reise, die jeden Gaumen erfreut. Perfekt f\u00fcr jeden besonderen Anlass oder einfach, um sich selbst zu verw\u00f6hnen. W\u00e4hlen Sie Ihren Preis und genie\u00dfen Sie ein einzigartiges Erlebnis in unserem Restaurant, wir warten auf Sie!","og_url":"https:\/\/hpcportocolom.com\/de\/producto\/voucher-hpc\/","og_site_name":"Restaurante HPC","article_modified_time":"2025-03-03T14:21:16+00:00","og_image":[{"width":512,"height":512,"url":"https:\/\/hpcportocolom.com\/wp-content\/uploads\/2024\/09\/pw-gift-card.png","type":"image\/png"}],"twitter_card":"summary_large_image","twitter_misc":{"Gesch\u00e4tzte Lesezeit":"3\u00a0Minuten"},"schema":{"@context":"https:\/\/schema.org","@graph":[{"@type":"WebPage","@id":"https:\/\/hpcportocolom.com\/de\/producto\/voucher-hpc\/","url":"https:\/\/hpcportocolom.com\/de\/producto\/voucher-hpc\/","name":"Voucher HPC - Restaurante HPC","isPartOf":{"@id":"https:\/\/hpcportocolom.com\/de\/#website"},"primaryImageOfPage":{"@id":"https:\/\/hpcportocolom.com\/de\/producto\/voucher-hpc\/#primaryimage"},"image":{"@id":"https:\/\/hpcportocolom.com\/de\/producto\/voucher-hpc\/#primaryimage"},"thumbnailUrl":"https:\/\/hpcportocolom.com\/wp-content\/uploads\/2024\/09\/pw-gift-card-e1771599775107.png","datePublished":"2024-09-18T07:55:48+00:00","dateModified":"2025-03-03T14:21:16+00:00","breadcrumb":{"@id":"https:\/\/hpcportocolom.com\/de\/producto\/voucher-hpc\/#breadcrumb"},"inLanguage":"de","potentialAction":[{"@type":"ReadAction","target":["https:\/\/hpcportocolom.com\/de\/producto\/voucher-hpc\/"]}]},{"@type":"ImageObject","inLanguage":"de","@id":"https:\/\/hpcportocolom.com\/de\/producto\/voucher-hpc\/#primaryimage","url":"https:\/\/hpcportocolom.com\/wp-content\/uploads\/2024\/09\/pw-gift-card-e1771599775107.png","contentUrl":"https:\/\/hpcportocolom.com\/wp-content\/uploads\/2024\/09\/pw-gift-card-e1771599775107.png","width":512,"height":512},{"@type":"BreadcrumbList","@id":"https:\/\/hpcportocolom.com\/de\/producto\/voucher-hpc\/#breadcrumb","itemListElement":[{"@type":"ListItem","position":1,"name":"Portada","item":"https:\/\/hpcportocolom.com\/de\/"},{"@type":"ListItem","position":2,"name":"Speichern","item":"https:\/\/hpcportocolom.com\/tienda\/"},{"@type":"ListItem","position":3,"name":"Voucher HPC"}]},{"@type":"WebSite","@id":"https:\/\/hpcportocolom.com\/de\/#website","url":"https:\/\/hpcportocolom.com\/de\/","name":"Restaurante HPC","description":"Tradici\u00f3n marinera, vistas y mediterr\u00e1neo","potentialAction":[{"@type":"SearchAction","target":{"@type":"EntryPoint","urlTemplate":"https:\/\/hpcportocolom.com\/de\/?s={search_term_string}"},"query-input":{"@type":"PropertyValueSpecification","valueRequired":true,"valueName":"search_term_string"}}],"inLanguage":"de"}]}},"_links":{"self":[{"href":"https:\/\/hpcportocolom.com\/de\/wp-json\/wp\/v2\/product\/568","targetHints":{"allow":["GET"]}}],"collection":[{"href":"https:\/\/hpcportocolom.com\/de\/wp-json\/wp\/v2\/product"}],"about":[{"href":"https:\/\/hpcportocolom.com\/de\/wp-json\/wp\/v2\/types\/product"}],"replies":[{"embeddable":true,"href":"https:\/\/hpcportocolom.com\/de\/wp-json\/wp\/v2\/comments?post=568"}],"wp:featuredmedia":[{"embeddable":true,"href":"https:\/\/hpcportocolom.com\/de\/wp-json\/wp\/v2\/media\/560"}],"wp:attachment":[{"href":"https:\/\/hpcportocolom.com\/de\/wp-json\/wp\/v2\/media?parent=568"}],"wp:term":[{"taxonomy":"product_brand","embeddable":true,"href":"https:\/\/hpcportocolom.com\/de\/wp-json\/wp\/v2\/product_brand?post=568"},{"taxonomy":"product_cat","embeddable":true,"href":"https:\/\/hpcportocolom.com\/de\/wp-json\/wp\/v2\/product_cat?post=568"},{"taxonomy":"product_tag","embeddable":true,"href":"https:\/\/hpcportocolom.com\/de\/wp-json\/wp\/v2\/product_tag?post=568"}],"curies":[{"name":"wp","href":"https:\/\/api.w.org\/{rel}","templated":true}]}}