{"id":802,"date":"2024-09-05T11:49:09","date_gmt":"2024-09-05T09:49:09","guid":{"rendered":"https:\/\/hpcportocolom.com\/producto\/hpc-restaurant-becher\/"},"modified":"2026-03-09T09:07:18","modified_gmt":"2026-03-09T08:07:18","slug":"hpc-restaurant-becher","status":"publish","type":"product","link":"https:\/\/hpcportocolom.com\/de\/producto\/hpc-restaurant-becher\/","title":{"rendered":"HPC Restaurant Becher"},"content":{"rendered":"<p>[et_pb_section fb_built=&#8220;1&#8243; _builder_version=&#8220;4.16&#8243; custom_padding=&#8220;0px||||false|false&#8220; global_colors_info=&#8220;{}&#8220;][et_pb_row _builder_version=&#8220;4.16&#8243; background_size=&#8220;initial&#8220; background_position=&#8220;top_left&#8220; background_repeat=&#8220;repeat&#8220; width=&#8220;100%&#8220; custom_padding=&#8220;0px||0px||false|false&#8220; global_colors_info=&#8220;{}&#8220;][et_pb_column type=&#8220;4_4&#8243; _builder_version=&#8220;4.16&#8243; custom_padding=&#8220;|||&#8220; global_colors_info=&#8220;{}&#8220; custom_padding__hover=&#8220;|||&#8220;][et_pb_wc_breadcrumb _builder_version=&#8220;4.16&#8243; global_colors_info=&#8220;{}&#8220;][\/et_pb_wc_breadcrumb][et_pb_wc_cart_notice _builder_version=&#8220;4.27.4&#8243; background_color=&#8220;#666958&#8243; custom_button=&#8220;on&#8220; button_text_size=&#8220;12px&#8220; button_text_color=&#8220;#FFFFFF&#8220; button_bg_color=&#8220;RGBA(255,255,255,0)&#8220; button_border_width=&#8220;1px&#8220; button_border_color=&#8220;#FFFFFF&#8220; button_border_radius=&#8220;0px&#8220; button_letter_spacing=&#8220;1.2px&#8220; button_font=&#8220;Montserrat|||on|||||&#8220; button_use_icon=&#8220;off&#8220; button_custom_padding=&#8220;17px|25px|17px|25px|true|true&#8220; hover_enabled=&#8220;0&#8243; global_colors_info=&#8220;{}&#8220; button_bg_color__hover=&#8220;#FFFFFF&#8220; button_bg_color__hover_enabled=&#8220;on|hover&#8220; button_border_color__hover=&#8220;#FFFFFF&#8220; button_border_color__hover_enabled=&#8220;on|hover&#8220; button_custom_padding__hover_enabled=&#8220;on|hover&#8220; button_custom_padding__hover=&#8220;17px|25px|17px|25px|true|true&#8220; sticky_enabled=&#8220;0&#8243; button_bg_enable_color__hover=&#8220;on&#8220; button_text_color__hover_enabled=&#8220;on|desktop&#8220; button_text_color__hover=&#8220;#FFFFFF&#8220;][\/et_pb_wc_cart_notice][\/et_pb_column][\/et_pb_row][et_pb_row column_structure=&#8220;1_2,1_2&#8243; _builder_version=&#8220;4.16&#8243; background_size=&#8220;initial&#8220; background_position=&#8220;top_left&#8220; background_repeat=&#8220;repeat&#8220; width=&#8220;100%&#8220; custom_padding=&#8220;0px||||false|false&#8220; global_colors_info=&#8220;{}&#8220;][et_pb_column type=&#8220;1_2&#8243; _builder_version=&#8220;4.16&#8243; custom_padding=&#8220;|||&#8220; global_colors_info=&#8220;{}&#8220; custom_padding__hover=&#8220;|||&#8220;][et_pb_wc_images _builder_version=&#8220;4.16&#8243; global_colors_info=&#8220;{}&#8220;][\/et_pb_wc_images][\/et_pb_column][et_pb_column type=&#8220;1_2&#8243; _builder_version=&#8220;4.16&#8243; custom_padding=&#8220;|||&#8220; global_colors_info=&#8220;{}&#8220; custom_padding__hover=&#8220;|||&#8220;][et_pb_wc_title _builder_version=&#8220;4.27.4&#8243; header_font=&#8220;Montserrat||||||||&#8220; header_text_color=&#8220;#666958&#8243; hover_enabled=&#8220;0&#8243; global_colors_info=&#8220;{}&#8220; sticky_enabled=&#8220;0&#8243;][\/et_pb_wc_title][et_pb_wc_price _builder_version=&#8220;4.27.4&#8243; body_font=&#8220;Montserrat||||||||&#8220; body_text_color=&#8220;#666958&#8243; hover_enabled=&#8220;0&#8243; global_colors_info=&#8220;{}&#8220; sticky_enabled=&#8220;0&#8243;][\/et_pb_wc_price][et_pb_wc_description _builder_version=&#8220;4.27.4&#8243; hover_enabled=&#8220;0&#8243; global_colors_info=&#8220;{}&#8220; body_font=&#8220;Montserrat||||||||&#8220; sticky_enabled=&#8220;0&#8243;][\/et_pb_wc_description][et_pb_wc_add_to_cart _builder_version=&#8220;4.16&#8243; custom_button=&#8220;on&#8220; button_text_size=&#8220;12px&#8220; button_text_color=&#8220;#04365B&#8220; button_bg_color=&#8220;RGBA(255,255,255,0)&#8220; button_border_width=&#8220;1px&#8220; button_border_color=&#8220;#04365B&#8220; button_border_radius=&#8220;0px&#8220; button_letter_spacing=&#8220;1.2px&#8220; button_font=&#8220;Outfit|||on|||||&#8220; button_use_icon=&#8220;off&#8220; button_custom_padding=&#8220;17px|25px|17px|25px|true|true&#8220; global_colors_info=&#8220;{}&#8220; button_bg_color__hover=&#8220;#FFFFFF&#8220; button_bg_color__hover_enabled=&#8220;on|hover&#8220; button_border_color__hover=&#8220;#04365B&#8220; button_border_color__hover_enabled=&#8220;on|hover&#8220;][\/et_pb_wc_add_to_cart][et_pb_wc_meta _builder_version=&#8220;4.16&#8243; body_font=&#8220;Nunito||||||||&#8220; body_font_size=&#8220;16px&#8220; global_colors_info=&#8220;{}&#8220;][\/et_pb_wc_meta][\/et_pb_column][\/et_pb_row][et_pb_row _builder_version=&#8220;4.16&#8243; background_size=&#8220;initial&#8220; background_position=&#8220;top_left&#8220; background_repeat=&#8220;repeat&#8220; width=&#8220;100%&#8220; global_colors_info=&#8220;{}&#8220;][et_pb_column type=&#8220;4_4&#8243; _builder_version=&#8220;4.16&#8243; custom_padding=&#8220;|||&#8220; global_colors_info=&#8220;{}&#8220; custom_padding__hover=&#8220;|||&#8220;][et_pb_wc_related_products _builder_version=&#8220;4.27.4&#8243; title_font=&#8220;Montserrat||||||||&#8220; title_text_color=&#8220;#666958&#8243; product_title_font=&#8220;Montserrat||||||||&#8220; product_title_text_color=&#8220;#666958&#8243; price_font=&#8220;Montserrat||||||||&#8220; price_text_color=&#8220;#666958&#8243; price_font_size=&#8220;18px&#8220; hover_enabled=&#8220;0&#8243; global_colors_info=&#8220;{}&#8220; icon_hover_color=&#8220;#666958&#8243; hover_overlay_color=&#8220;rgba(102,105,88,0.4)&#8220; sticky_enabled=&#8220;0&#8243;][\/et_pb_wc_related_products][\/et_pb_column][\/et_pb_row][\/et_pb_section]<\/p>\n","protected":false},"excerpt":{"rendered":"<p>Genie\u00dfen Sie Ihr Lieblingsgetr\u00e4nk mit Stil! Unser schwarzer 350-ml-Becher ist perfekt, um den Tag mit Energie zu beginnen. Mit seinem schlichten, minimalistischen Design ist dieser Becher ideal f\u00fcr Ihren Morgenkaffee, Nachmittagstee oder ein Getr\u00e4nk Ihrer Wahl. Die schwarze Oberfl\u00e4che verleiht ihm einen modernen Touch, der zu jeder Einrichtung passt.<\/p>\n<p>Fassungsverm\u00f6gen: 350 ml<br \/>Farbe: Schwarz<\/p>\n","protected":false},"featured_media":428,"comment_status":"open","ping_status":"closed","template":"","meta":{"_et_pb_use_builder":"on","_et_pb_old_content":"","_et_gb_content_width":""},"product_brand":[],"product_cat":[20],"product_tag":[],"class_list":{"0":"post-802","1":"product","2":"type-product","3":"status-publish","4":"has-post-thumbnail","6":"product_cat-unkategorisiert","8":"first","9":"outofstock","10":"shipping-taxable","11":"purchasable","12":"product-type-simple"},"yoast_head":"<!-- This site is optimized with the Yoast SEO plugin v27.4 - https:\/\/yoast.com\/product\/yoast-seo-wordpress\/ -->\n<title>HPC Restaurant Becher - Restaurante HPC<\/title>\n<meta name=\"robots\" content=\"index, follow, max-snippet:-1, max-image-preview:large, max-video-preview:-1\" \/>\n<link rel=\"canonical\" href=\"https:\/\/hpcportocolom.com\/de\/producto\/hpc-restaurant-becher\/\" \/>\n<meta property=\"og:locale\" content=\"de_DE\" \/>\n<meta property=\"og:type\" content=\"article\" \/>\n<meta property=\"og:title\" content=\"HPC Restaurant Becher - Restaurante HPC\" \/>\n<meta property=\"og:description\" content=\"Genie\u00dfen Sie Ihr Lieblingsgetr\u00e4nk mit Stil! Unser schwarzer 350-ml-Becher ist perfekt, um den Tag mit Energie zu beginnen. Mit seinem schlichten, minimalistischen Design ist dieser Becher ideal f\u00fcr Ihren Morgenkaffee, Nachmittagstee oder ein Getr\u00e4nk Ihrer Wahl. Die schwarze Oberfl\u00e4che verleiht ihm einen modernen Touch, der zu jeder Einrichtung passt. Fassungsverm\u00f6gen: 350 mlFarbe: Schwarz\" \/>\n<meta property=\"og:url\" content=\"https:\/\/hpcportocolom.com\/de\/producto\/hpc-restaurant-becher\/\" \/>\n<meta property=\"og:site_name\" content=\"Restaurante HPC\" \/>\n<meta property=\"article:modified_time\" content=\"2026-03-09T08:07:18+00:00\" \/>\n<meta property=\"og:image\" content=\"https:\/\/hpcportocolom.com\/wp-content\/uploads\/2024\/09\/TAZA-FINALLLLL.png\" \/>\n\t<meta property=\"og:image:width\" content=\"500\" \/>\n\t<meta property=\"og:image:height\" content=\"500\" \/>\n\t<meta property=\"og:image:type\" content=\"image\/png\" \/>\n<meta name=\"twitter:card\" content=\"summary_large_image\" \/>\n<meta name=\"twitter:label1\" content=\"Gesch\u00e4tzte Lesezeit\" \/>\n\t<meta name=\"twitter:data1\" content=\"3\u00a0Minuten\" \/>\n<script type=\"application\/ld+json\" class=\"yoast-schema-graph\">{\"@context\":\"https:\\\/\\\/schema.org\",\"@graph\":[{\"@type\":\"WebPage\",\"@id\":\"https:\\\/\\\/hpcportocolom.com\\\/de\\\/producto\\\/hpc-restaurant-becher\\\/\",\"url\":\"https:\\\/\\\/hpcportocolom.com\\\/de\\\/producto\\\/hpc-restaurant-becher\\\/\",\"name\":\"HPC Restaurant Becher - Restaurante HPC\",\"isPartOf\":{\"@id\":\"https:\\\/\\\/hpcportocolom.com\\\/de\\\/#website\"},\"primaryImageOfPage\":{\"@id\":\"https:\\\/\\\/hpcportocolom.com\\\/de\\\/producto\\\/hpc-restaurant-becher\\\/#primaryimage\"},\"image\":{\"@id\":\"https:\\\/\\\/hpcportocolom.com\\\/de\\\/producto\\\/hpc-restaurant-becher\\\/#primaryimage\"},\"thumbnailUrl\":\"https:\\\/\\\/hpcportocolom.com\\\/wp-content\\\/uploads\\\/2024\\\/09\\\/TAZA-FINALLLLL.png\",\"datePublished\":\"2024-09-05T09:49:09+00:00\",\"dateModified\":\"2026-03-09T08:07:18+00:00\",\"breadcrumb\":{\"@id\":\"https:\\\/\\\/hpcportocolom.com\\\/de\\\/producto\\\/hpc-restaurant-becher\\\/#breadcrumb\"},\"inLanguage\":\"de\",\"potentialAction\":[{\"@type\":\"ReadAction\",\"target\":[\"https:\\\/\\\/hpcportocolom.com\\\/de\\\/producto\\\/hpc-restaurant-becher\\\/\"]}]},{\"@type\":\"ImageObject\",\"inLanguage\":\"de\",\"@id\":\"https:\\\/\\\/hpcportocolom.com\\\/de\\\/producto\\\/hpc-restaurant-becher\\\/#primaryimage\",\"url\":\"https:\\\/\\\/hpcportocolom.com\\\/wp-content\\\/uploads\\\/2024\\\/09\\\/TAZA-FINALLLLL.png\",\"contentUrl\":\"https:\\\/\\\/hpcportocolom.com\\\/wp-content\\\/uploads\\\/2024\\\/09\\\/TAZA-FINALLLLL.png\",\"width\":500,\"height\":500,\"caption\":\"HPC Restaurant Becher\"},{\"@type\":\"BreadcrumbList\",\"@id\":\"https:\\\/\\\/hpcportocolom.com\\\/de\\\/producto\\\/hpc-restaurant-becher\\\/#breadcrumb\",\"itemListElement\":[{\"@type\":\"ListItem\",\"position\":1,\"name\":\"Portada\",\"item\":\"https:\\\/\\\/hpcportocolom.com\\\/de\\\/\"},{\"@type\":\"ListItem\",\"position\":2,\"name\":\"Speichern\",\"item\":\"https:\\\/\\\/hpcportocolom.com\\\/tienda\\\/\"},{\"@type\":\"ListItem\",\"position\":3,\"name\":\"HPC Restaurant Becher\"}]},{\"@type\":\"WebSite\",\"@id\":\"https:\\\/\\\/hpcportocolom.com\\\/de\\\/#website\",\"url\":\"https:\\\/\\\/hpcportocolom.com\\\/de\\\/\",\"name\":\"Restaurante HPC\",\"description\":\"Tradici\u00f3n marinera, vistas y mediterr\u00e1neo\",\"potentialAction\":[{\"@type\":\"SearchAction\",\"target\":{\"@type\":\"EntryPoint\",\"urlTemplate\":\"https:\\\/\\\/hpcportocolom.com\\\/de\\\/?s={search_term_string}\"},\"query-input\":{\"@type\":\"PropertyValueSpecification\",\"valueRequired\":true,\"valueName\":\"search_term_string\"}}],\"inLanguage\":\"de\"}]}<\/script>\n<!-- \/ Yoast SEO plugin. -->","yoast_head_json":{"title":"HPC Restaurant Becher - Restaurante HPC","robots":{"index":"index","follow":"follow","max-snippet":"max-snippet:-1","max-image-preview":"max-image-preview:large","max-video-preview":"max-video-preview:-1"},"canonical":"https:\/\/hpcportocolom.com\/de\/producto\/hpc-restaurant-becher\/","og_locale":"de_DE","og_type":"article","og_title":"HPC Restaurant Becher - Restaurante HPC","og_description":"Genie\u00dfen Sie Ihr Lieblingsgetr\u00e4nk mit Stil! Unser schwarzer 350-ml-Becher ist perfekt, um den Tag mit Energie zu beginnen. Mit seinem schlichten, minimalistischen Design ist dieser Becher ideal f\u00fcr Ihren Morgenkaffee, Nachmittagstee oder ein Getr\u00e4nk Ihrer Wahl. Die schwarze Oberfl\u00e4che verleiht ihm einen modernen Touch, der zu jeder Einrichtung passt. Fassungsverm\u00f6gen: 350 mlFarbe: Schwarz","og_url":"https:\/\/hpcportocolom.com\/de\/producto\/hpc-restaurant-becher\/","og_site_name":"Restaurante HPC","article_modified_time":"2026-03-09T08:07:18+00:00","og_image":[{"width":500,"height":500,"url":"https:\/\/hpcportocolom.com\/wp-content\/uploads\/2024\/09\/TAZA-FINALLLLL.png","type":"image\/png"}],"twitter_card":"summary_large_image","twitter_misc":{"Gesch\u00e4tzte Lesezeit":"3\u00a0Minuten"},"schema":{"@context":"https:\/\/schema.org","@graph":[{"@type":"WebPage","@id":"https:\/\/hpcportocolom.com\/de\/producto\/hpc-restaurant-becher\/","url":"https:\/\/hpcportocolom.com\/de\/producto\/hpc-restaurant-becher\/","name":"HPC Restaurant Becher - Restaurante HPC","isPartOf":{"@id":"https:\/\/hpcportocolom.com\/de\/#website"},"primaryImageOfPage":{"@id":"https:\/\/hpcportocolom.com\/de\/producto\/hpc-restaurant-becher\/#primaryimage"},"image":{"@id":"https:\/\/hpcportocolom.com\/de\/producto\/hpc-restaurant-becher\/#primaryimage"},"thumbnailUrl":"https:\/\/hpcportocolom.com\/wp-content\/uploads\/2024\/09\/TAZA-FINALLLLL.png","datePublished":"2024-09-05T09:49:09+00:00","dateModified":"2026-03-09T08:07:18+00:00","breadcrumb":{"@id":"https:\/\/hpcportocolom.com\/de\/producto\/hpc-restaurant-becher\/#breadcrumb"},"inLanguage":"de","potentialAction":[{"@type":"ReadAction","target":["https:\/\/hpcportocolom.com\/de\/producto\/hpc-restaurant-becher\/"]}]},{"@type":"ImageObject","inLanguage":"de","@id":"https:\/\/hpcportocolom.com\/de\/producto\/hpc-restaurant-becher\/#primaryimage","url":"https:\/\/hpcportocolom.com\/wp-content\/uploads\/2024\/09\/TAZA-FINALLLLL.png","contentUrl":"https:\/\/hpcportocolom.com\/wp-content\/uploads\/2024\/09\/TAZA-FINALLLLL.png","width":500,"height":500,"caption":"HPC Restaurant Becher"},{"@type":"BreadcrumbList","@id":"https:\/\/hpcportocolom.com\/de\/producto\/hpc-restaurant-becher\/#breadcrumb","itemListElement":[{"@type":"ListItem","position":1,"name":"Portada","item":"https:\/\/hpcportocolom.com\/de\/"},{"@type":"ListItem","position":2,"name":"Speichern","item":"https:\/\/hpcportocolom.com\/tienda\/"},{"@type":"ListItem","position":3,"name":"HPC Restaurant Becher"}]},{"@type":"WebSite","@id":"https:\/\/hpcportocolom.com\/de\/#website","url":"https:\/\/hpcportocolom.com\/de\/","name":"Restaurante HPC","description":"Tradici\u00f3n marinera, vistas y mediterr\u00e1neo","potentialAction":[{"@type":"SearchAction","target":{"@type":"EntryPoint","urlTemplate":"https:\/\/hpcportocolom.com\/de\/?s={search_term_string}"},"query-input":{"@type":"PropertyValueSpecification","valueRequired":true,"valueName":"search_term_string"}}],"inLanguage":"de"}]}},"_links":{"self":[{"href":"https:\/\/hpcportocolom.com\/de\/wp-json\/wp\/v2\/product\/802","targetHints":{"allow":["GET"]}}],"collection":[{"href":"https:\/\/hpcportocolom.com\/de\/wp-json\/wp\/v2\/product"}],"about":[{"href":"https:\/\/hpcportocolom.com\/de\/wp-json\/wp\/v2\/types\/product"}],"replies":[{"embeddable":true,"href":"https:\/\/hpcportocolom.com\/de\/wp-json\/wp\/v2\/comments?post=802"}],"wp:featuredmedia":[{"embeddable":true,"href":"https:\/\/hpcportocolom.com\/de\/wp-json\/wp\/v2\/media\/428"}],"wp:attachment":[{"href":"https:\/\/hpcportocolom.com\/de\/wp-json\/wp\/v2\/media?parent=802"}],"wp:term":[{"taxonomy":"product_brand","embeddable":true,"href":"https:\/\/hpcportocolom.com\/de\/wp-json\/wp\/v2\/product_brand?post=802"},{"taxonomy":"product_cat","embeddable":true,"href":"https:\/\/hpcportocolom.com\/de\/wp-json\/wp\/v2\/product_cat?post=802"},{"taxonomy":"product_tag","embeddable":true,"href":"https:\/\/hpcportocolom.com\/de\/wp-json\/wp\/v2\/product_tag?post=802"}],"curies":[{"name":"wp","href":"https:\/\/api.w.org\/{rel}","templated":true}]}}